{"id":2151,"date":"2014-10-29T02:56:54","date_gmt":"2014-10-29T02:56:54","guid":{"rendered":"http:\/\/frederickcleverly.com\/playa-del-ingles-gran-canaria\/?page_id=930"},"modified":"2014-10-29T02:56:54","modified_gmt":"2014-10-29T02:56:54","slug":"haarverlangerungen","status":"publish","type":"page","link":"https:\/\/frederickcleverly.com\/playa-del-ingles-gran-canaria\/de\/haarverlangerungen\/","title":{"rendered":"Haarverl\u00e4ngerungen"},"content":{"rendered":"<p>\u00a0<\/p>\n<p style=\"text-align: center;\"><a href=\"http:\/\/frederickcleverly.com\/wp-content\/uploads\/2014\/09\/hair-extensions.jpg\"><img loading=\"lazy\" decoding=\"async\" class=\"aligncenter\" style=\"border: 10px solid black; margin: 10px;\" src=\"http:\/\/frederickcleverly.com\/wp-content\/uploads\/2014\/09\/hair-extensions.jpg\" alt=\"Haarverl\u00e4ngerungen\" width=\"628\" height=\"484\" \/><\/a><\/p>\n<blockquote><p><strong>Haarverl\u00e4ngerungen oder &quot;Hair Enhancers&quot;, wie wir sie gerne nennen, k\u00f6nnen so viel f\u00fcr Ihren Look tun. Diese nicht nachweisbaren Haarverl\u00e4ngerungen besch\u00e4digen Ihr Haar NICHT. Sie k\u00f6nnen sie waschen und blasen, aber sie sind am besten, wenn sie ihr eigenes Ding tun.<\/strong><\/p><\/blockquote>\n<p>Sie<a href=\"http:\/\/frederickcleverly.com\/wp-content\/uploads\/2014\/09\/hair-extension-blond.jpg\"><img loading=\"lazy\" decoding=\"async\" class=\"alignright\" style=\"border: 10px solid black; margin: 10px;\" src=\"http:\/\/frederickcleverly.com\/wp-content\/uploads\/2014\/09\/hair-extension-blond.jpg\" alt=\"Haarverl\u00e4ngerung-blond\" width=\"307\" height=\"290\" \/><\/a> werden feststellen, dass diese Haarverl\u00e4ngerungen so einfach sein k\u00f6nnen. Sie sind toll, wenn Sie ein wenig in Ihrem Aussehen \u00e4ndern wollen.<\/p>\n<p>Versuchen Sie, Ihre Haare herauszuwachsen?<\/p>\n<blockquote><p>Dann sind Haarverl\u00e4ngerungen, was Sie brauchen. Wenn es Ihr Fransen oder der Nacken Ihres Haares ist, der wachsen muss, werden Haarverl\u00e4ngerungen diesen Teil abdecken und Sie nat\u00fcrliches Haar in der Zwischenzeit wachsen lassen.<\/p><\/blockquote>\n<p><a href=\"http:\/\/frederickcleverly.com\/wp-content\/uploads\/2014\/10\/03198b73169d496fa50459c750147a7bf0fd5d6b.jpg\"><img loading=\"lazy\" decoding=\"async\" class=\"alignleft\" style=\"border: 10px solid black; margin: 10px;\" src=\"http:\/\/frederickcleverly.com\/wp-content\/uploads\/2014\/10\/03198b73169d496fa50459c750147a7bf0fd5d6b.jpg\" alt=\"03198b73169d496fa50459c750147a7bf0fd5d6b\" width=\"349\" height=\"489\" \/><\/a>Haarverl\u00e4ngerung sind sehr einfach zu entfernen. Einige von ihnen m\u00f6gen diese DOME-Erweiterungen k\u00f6nnen Sie sogar selbst entfernen. Sie waschen und trocknen wie normales Haar. Sie sind ideal f\u00fcr farbet. Sie werden gut f\u00fcr Haare funktionieren, die normalerweise nicht gut f\u00e4rben, sie entlasten Sie von Engagement. Wenn Sie m\u00f6chten, ihre Haarverl\u00e4ngerung Farbe, kann einfach von Ihnen entfernt werden.<\/p>\n<p>\u00a0<\/p>\n<blockquote><p>Wenn Sie mehr Volumen ben\u00f6tigen, werden Sie Haarverl\u00e4ngerungen lieben. Sie geben Ihrem Haar K\u00f6rper und Unterst\u00fctzung. Es gibt nichts ganz wie die Wirkung von Haarverl\u00e4ngerungen.<\/p><\/blockquote>\n<p><a href=\"http:\/\/frederickcleverly.com\/wp-content\/uploads\/2014\/09\/hair-colored-extensions.jpg\"><img loading=\"lazy\" decoding=\"async\" class=\"alignright\" style=\"border: 10px solid black; margin: 10px;\" src=\"http:\/\/frederickcleverly.com\/wp-content\/uploads\/2014\/09\/hair-colored-extensions.jpg\" alt=\"Haarfarbene Verl\u00e4ngerungen\" width=\"276\" height=\"320\" \/><\/a>Auch hier empfehlen wir die DOME-Erweiterungen, weil sie wie echtes Haar aussehen, aber sie sind kein menschliches Haar. Sie wiegen die H\u00e4lfte dessen, was menschliches Haar tut, so dass die Menge und das Volumen, das angewendet werden kann, fast unbegrenzt ist. Diese Haarverl\u00e4ngerungen sind an das nat\u00fcrliche Haar gebunden. Sie h\u00fcpfen und springen mit Ihrem nat\u00fcrlichen Haar, so dass nur sehr wenige einzelne Haare aufgeholt werden und nur wenige herausgezogen werden.<\/p>\n<blockquote><p><strong>Farben werden von Hand gemischt, um Ihren Farben zu entsprechen, und sie verblassen nie.<\/strong><\/p><\/blockquote>\n<p>Ha<a href=\"http:\/\/frederickcleverly.com\/wp-content\/uploads\/2014\/09\/hair-highlights.jpg\"><img loading=\"lazy\" decoding=\"async\" class=\"alignleft\" style=\"border: 10px solid black; margin: 10px;\" src=\"http:\/\/frederickcleverly.com\/wp-content\/uploads\/2014\/09\/hair-highlights.jpg\" alt=\"blond-highlights\" width=\"292\" height=\"257\" \/><\/a>arverl\u00e4ngerungen verbessern Ihr Haar sowie L\u00e4nge, Volumen, Farbe und\/oder Textur.<\/p>\n<p>Wir<em> bieten auch die meisten anderen Haarverl\u00e4ngerungssystem mit Silizium, Keratin und Spuren.<\/em><\/p>\n<p>Wenn Ihre <a href=\"http:\/\/frederickcleverly.com\/wp-content\/uploads\/2014\/09\/Body_beautiful_crop.jpg\"><img loading=\"lazy\" decoding=\"async\" class=\"alignright\" style=\"border: 10px solid black; margin: 10px;\" src=\"http:\/\/frederickcleverly.com\/wp-content\/uploads\/2014\/09\/Body_beautiful_crop.jpg\" alt=\"Body_beautiful_crop\" width=\"207\" height=\"250\" \/><\/a>Haarverl\u00e4ngerungen gewachsen sind, k\u00f6nnen wir sie in den meisten F\u00e4llen wieder an Ort und Stelle setzen.<\/p>\n<p>\u00a0<\/p>\n<blockquote><p><strong>Bitte z\u00f6gern Sie nicht, uns um Hilfe zu bitten. Denken Sie daran, es gibt keine schlechten Haare Tage, nur schlechte Friseure! Lassen Sie uns Sie coachen, wie man ein gro\u00dfer sein.<\/strong><\/p><\/blockquote>\n<p>\u00a0<\/p>\n","protected":false},"excerpt":{"rendered":"<p>\u00a0 Haarverl\u00e4ngerungen oder &quot;Hair Enhancers&quot;, wie wir sie gerne nennen, k\u00f6nnen so viel f\u00fcr Ihren Look tun. Diese nicht nachweisbaren Haarverl\u00e4ngerungen besch\u00e4digen Ihr Haar NICHT. Sie k\u00f6nnen sie waschen und blasen, aber sie sind am besten, wenn sie ihr eigenes Ding tun. Sie werden feststellen, dass diese Haarverl\u00e4ngerungen so einfach sein k\u00f6nnen. Sie sind toll, [&hellip;]<\/p>\n","protected":false},"author":2,"featured_media":0,"parent":0,"menu_order":0,"comment_status":"open","ping_status":"open","template":"","meta":{"_et_pb_use_builder":"","_et_pb_old_content":"","_et_gb_content_width":"","footnotes":""},"class_list":["post-2151","page","type-page","status-publish","hentry","wp-image-borders"],"_links":{"self":[{"href":"https:\/\/frederickcleverly.com\/playa-del-ingles-gran-canaria\/wp-json\/wp\/v2\/pages\/2151"}],"collection":[{"href":"https:\/\/frederickcleverly.com\/playa-del-ingles-gran-canaria\/wp-json\/wp\/v2\/pages"}],"about":[{"href":"https:\/\/frederickcleverly.com\/playa-del-ingles-gran-canaria\/wp-json\/wp\/v2\/types\/page"}],"author":[{"embeddable":true,"href":"https:\/\/frederickcleverly.com\/playa-del-ingles-gran-canaria\/wp-json\/wp\/v2\/users\/2"}],"replies":[{"embeddable":true,"href":"https:\/\/frederickcleverly.com\/playa-del-ingles-gran-canaria\/wp-json\/wp\/v2\/comments?post=2151"}],"version-history":[{"count":0,"href":"https:\/\/frederickcleverly.com\/playa-del-ingles-gran-canaria\/wp-json\/wp\/v2\/pages\/2151\/revisions"}],"wp:attachment":[{"href":"https:\/\/frederickcleverly.com\/playa-del-ingles-gran-canaria\/wp-json\/wp\/v2\/media?parent=2151"}],"curies":[{"name":"wp","href":"https:\/\/api.w.org\/{rel}","templated":true}]}}