{"id":2152,"date":"2014-10-29T00:29:24","date_gmt":"2014-10-29T00:29:24","guid":{"rendered":"http:\/\/frederickcleverly.com\/playa-del-ingles-gran-canaria\/?page_id=793"},"modified":"2020-12-14T17:01:31","modified_gmt":"2020-12-14T17:01:31","slug":"frauen-friseur-2","status":"publish","type":"page","link":"https:\/\/frederickcleverly.com\/playa-del-ingles-gran-canaria\/de\/frauen-friseur-2\/","title":{"rendered":"Friseurin der Frau"},"content":{"rendered":"<blockquote><p><em>Personal Hair Design, f\u00fcr SIE erstellt!<\/em><\/p><\/blockquote>\n<p>Bitte z\u00f6gern Sie nicht, f\u00fcr einen Chat zu kommen, \u00fcber Ihre Haare, Sie Pl\u00e4ne, Ihre Hoffnungen und Tr\u00e4ume: sie werden unsere Ziele werden, wie wir unsere Beziehung zusammen beginnen. Wir lieben eine Herausforderung und wir werden Sie zu den Ergebnissen f\u00fchren, die Sie w\u00fcnschen.<\/p>\n<p>Schauen Sie sich diese Umfrage nach NetVoucherCodes.co.uk an.<\/p>\n<p><a href=\"http:\/\/frederickcleverly.com\/wp-content\/uploads\/2014\/09\/womens-hair-and-makeup.jpg\"><img loading=\"lazy\" decoding=\"async\" class=\"alignright\" style=\"border: 10px solid black; margin: 10px;\" src=\"http:\/\/frederickcleverly.com\/wp-content\/uploads\/2014\/09\/womens-hair-and-makeup-200x300.jpg\" alt=\"Frauen-Haar-und-Make-up\" width=\"200\" height=\"300\" \/><\/a><\/p>\n<blockquote><p>Umfrage zeigt, dass mehr als die H\u00e4lfte der Frauen ihren Stylisten unter den Top Ten der wichtigsten Menschen in ihrem Leben einnisten.<\/p><\/blockquote>\n<p>Damen <strong>h\u00e4ngen l\u00e4nger als Ehem\u00e4nner an Friseuren: Eine durchschnittliche Frau h\u00e4lt die gleiche Stylistin f\u00fcr mehr als 12 Jahre, w\u00e4hrend die Ehe 11 Jahre da<\/strong>uert<\/p>\n<blockquote><p><em>Ehem\u00e4nner und H\u00e4user k\u00f6nnen kommen und gehen, aber es scheint, dass ein guter Friseur f\u00fcr immer ist.<\/em><\/p><\/blockquote>\n<p><img loading=\"lazy\" decoding=\"async\" class=\"size-full wp-image-801 alignleft\" style=\"margin: 25px; border: 25px solid black;\" src=\"http:\/\/frederickcleverly.com\/wp-content\/uploads\/2014\/10\/Malin-small.jpg\" alt=\"Malin klein\" width=\"113\" height=\"170\" \/><\/p>\n<p><img loading=\"lazy\" decoding=\"async\" class=\"size-full wp-image-800 alignright\" style=\"margin: 25px; border: 25px solid black;\" src=\"http:\/\/frederickcleverly.com\/wp-content\/uploads\/2014\/10\/Christine-small.jpg\" alt=\"Christine klein\" width=\"113\" height=\"170\" \/><\/p>\n<p>\u00a0<\/p>\n<p><img loading=\"lazy\" decoding=\"async\" class=\"alignnone size-full wp-image-799\" style=\"line-height: 1.5em; margin: 25px; border: 25px solid black;\" src=\"http:\/\/frederickcleverly.com\/wp-content\/uploads\/2014\/10\/patricia-small.png\" alt=\"patricia klein\" width=\"113\" height=\"170\" \/><\/p>\n<p><img loading=\"lazy\" decoding=\"async\" class=\"alignright\" style=\"border: 10px solid black; margin: 10px;\" src=\"http:\/\/frederickcleverly.com\/wp-content\/uploads\/2014\/10\/mia-z-300x240.jpg\" alt=\"mia--z\" width=\"300\" height=\"240\" \/><\/p>\n<p>\u00a0<\/p>\n<blockquote><p><em>Die r\u00e4tselhafte Mia Farrow mit ihrem Friseur Vidal Sassoon<\/em><\/p><\/blockquote>\n<p><em>D<\/em>ie<span style=\"line-height: 1.5em;\"> durchschnittliche Beziehung der Frau zu ihrem Friseur wird l\u00e4nger dauern als ihre Ehe, ergab eine Umfrage.<\/span><\/p>\n<p>Die meisten Frauen, 53 Prozent, bewerteten ihren Friseur unter den Top Ten der wichtigsten Menschen in ihrem Leben. Im Durchschnitt verbrachten Frauen ein Jahr und zehn Monate auf der Suche nach dem perfekten Trimm.<\/p>\n<p>Einer sagte<em>: &quot;Ich kenne meinen Friseur l\u00e4nger als meine Kinder und meinen Mann, in der Tat w\u00fcrde ich so weit gehen zu sagen, dass er Teil meiner Gro\u00dffamilie geworden ist. Es dauert absolut Jahre, um den perfekten Stylisten zu finden, der Ihre Haare genau so schneidet, wie Sie es m\u00f6gen, also wenn Sie schlie\u00dflich die richtige Person finden, wollen Sie sie nicht loslassen.&quot;<\/em><\/p>\n<p>\u00a0<\/p>\n<p>\u00a0<\/p>\n","protected":false},"excerpt":{"rendered":"<p>Personal Hair Design, f\u00fcr SIE erstellt! Bitte z\u00f6gern Sie nicht, f\u00fcr einen Chat zu kommen, \u00fcber Ihre Haare, Sie Pl\u00e4ne, Ihre Hoffnungen und Tr\u00e4ume: sie werden unsere Ziele werden, wie wir unsere Beziehung zusammen beginnen. Wir lieben eine Herausforderung und wir werden Sie zu den Ergebnissen f\u00fchren, die Sie w\u00fcnschen. Schauen Sie sich diese Umfrage [&hellip;]<\/p>\n","protected":false},"author":2,"featured_media":391,"parent":0,"menu_order":0,"comment_status":"open","ping_status":"open","template":"","meta":{"_et_pb_use_builder":"","_et_pb_old_content":"","_et_gb_content_width":"","footnotes":""},"class_list":["post-2152","page","type-page","status-publish","has-post-thumbnail","hentry","wp-image-borders"],"_links":{"self":[{"href":"https:\/\/frederickcleverly.com\/playa-del-ingles-gran-canaria\/wp-json\/wp\/v2\/pages\/2152"}],"collection":[{"href":"https:\/\/frederickcleverly.com\/playa-del-ingles-gran-canaria\/wp-json\/wp\/v2\/pages"}],"about":[{"href":"https:\/\/frederickcleverly.com\/playa-del-ingles-gran-canaria\/wp-json\/wp\/v2\/types\/page"}],"author":[{"embeddable":true,"href":"https:\/\/frederickcleverly.com\/playa-del-ingles-gran-canaria\/wp-json\/wp\/v2\/users\/2"}],"replies":[{"embeddable":true,"href":"https:\/\/frederickcleverly.com\/playa-del-ingles-gran-canaria\/wp-json\/wp\/v2\/comments?post=2152"}],"version-history":[{"count":1,"href":"https:\/\/frederickcleverly.com\/playa-del-ingles-gran-canaria\/wp-json\/wp\/v2\/pages\/2152\/revisions"}],"predecessor-version":[{"id":2246,"href":"https:\/\/frederickcleverly.com\/playa-del-ingles-gran-canaria\/wp-json\/wp\/v2\/pages\/2152\/revisions\/2246"}],"wp:featuredmedia":[{"embeddable":true,"href":"https:\/\/frederickcleverly.com\/playa-del-ingles-gran-canaria\/wp-json\/wp\/v2\/media\/391"}],"wp:attachment":[{"href":"https:\/\/frederickcleverly.com\/playa-del-ingles-gran-canaria\/wp-json\/wp\/v2\/media?parent=2152"}],"curies":[{"name":"wp","href":"https:\/\/api.w.org\/{rel}","templated":true}]}}