{"id":2153,"date":"2020-09-02T13:39:21","date_gmt":"2020-09-02T12:39:21","guid":{"rendered":"http:\/\/frederickcleverly.com\/playa-del-ingles-gran-canaria\/?page_id=2054"},"modified":"2020-12-14T16:44:03","modified_gmt":"2020-12-14T16:44:03","slug":"balayage-2","status":"publish","type":"page","link":"https:\/\/frederickcleverly.com\/playa-del-ingles-gran-canaria\/de\/balayage-2\/","title":{"rendered":"Balayage"},"content":{"rendered":"<p>Wir sind einer der wenigen Friseursalons auf Gran Canaria, die die Balayage Haarf\u00e4rbetechnik wirklich verstehen. Balayage, der als Haarspielwechsler gilt, ist ein franz\u00f6sisches Wort, das &quot;malen&quot; bedeutet und eine lebendige, nat\u00fcrlich aussehende Haarfarbe mit einer kindlichen Essenz erzeugt.<\/p>\n<blockquote><p>Was ist der Unterschied zwischen Balayage und Highlights?<\/p><\/blockquote>\n<p>Balayage hat weichere Nachwachsen Linien und es akzentuiert die Komponenten ihres Haares, die in der Sonne aufhellen. Richtig gemacht, es wird nie so aussehen, als ob Ihr Haar Streifen hat.<\/p>\n","protected":false},"excerpt":{"rendered":"<p>Wir sind einer der wenigen Friseursalons auf Gran Canaria, die die Balayage Haarf\u00e4rbetechnik wirklich verstehen. Balayage, der als Haarspielwechsler gilt, ist ein franz\u00f6sisches Wort, das &quot;malen&quot; bedeutet und eine lebendige, nat\u00fcrlich aussehende Haarfarbe mit einer kindlichen Essenz erzeugt. Was ist der Unterschied zwischen Balayage und Highlights? Balayage hat weichere Nachwachsen Linien und es akzentuiert die [&hellip;]<\/p>\n","protected":false},"author":3,"featured_media":391,"parent":0,"menu_order":0,"comment_status":"closed","ping_status":"closed","template":"","meta":{"_et_pb_use_builder":"","_et_pb_old_content":"","_et_gb_content_width":"","footnotes":""},"class_list":["post-2153","page","type-page","status-publish","has-post-thumbnail","hentry","wp-image-borders"],"_links":{"self":[{"href":"https:\/\/frederickcleverly.com\/playa-del-ingles-gran-canaria\/wp-json\/wp\/v2\/pages\/2153"}],"collection":[{"href":"https:\/\/frederickcleverly.com\/playa-del-ingles-gran-canaria\/wp-json\/wp\/v2\/pages"}],"about":[{"href":"https:\/\/frederickcleverly.com\/playa-del-ingles-gran-canaria\/wp-json\/wp\/v2\/types\/page"}],"author":[{"embeddable":true,"href":"https:\/\/frederickcleverly.com\/playa-del-ingles-gran-canaria\/wp-json\/wp\/v2\/users\/3"}],"replies":[{"embeddable":true,"href":"https:\/\/frederickcleverly.com\/playa-del-ingles-gran-canaria\/wp-json\/wp\/v2\/comments?post=2153"}],"version-history":[{"count":1,"href":"https:\/\/frederickcleverly.com\/playa-del-ingles-gran-canaria\/wp-json\/wp\/v2\/pages\/2153\/revisions"}],"predecessor-version":[{"id":2238,"href":"https:\/\/frederickcleverly.com\/playa-del-ingles-gran-canaria\/wp-json\/wp\/v2\/pages\/2153\/revisions\/2238"}],"wp:featuredmedia":[{"embeddable":true,"href":"https:\/\/frederickcleverly.com\/playa-del-ingles-gran-canaria\/wp-json\/wp\/v2\/media\/391"}],"wp:attachment":[{"href":"https:\/\/frederickcleverly.com\/playa-del-ingles-gran-canaria\/wp-json\/wp\/v2\/media?parent=2153"}],"curies":[{"name":"wp","href":"https:\/\/api.w.org\/{rel}","templated":true}]}}