{"id":2161,"date":"2014-11-02T15:32:49","date_gmt":"2014-11-02T15:32:49","guid":{"rendered":"http:\/\/frederickcleverly.com\/playa-del-ingles-gran-canaria\/?page_id=1043"},"modified":"2020-12-14T17:14:28","modified_gmt":"2020-12-14T17:14:28","slug":"haarwurzelfarbe","status":"publish","type":"page","link":"https:\/\/frederickcleverly.com\/playa-del-ingles-gran-canaria\/de\/haarwurzelfarbe\/","title":{"rendered":"Haarwurzelfarbe"},"content":{"rendered":"<p style=\"text-align: left;\"><a href=\"http:\/\/frederickcleverly.com\/wp-content\/uploads\/2014\/11\/bannerchromatic.jpg\"><img loading=\"lazy\" decoding=\"async\" class=\"size-full wp-image-1044 aligncenter\" style=\"border: 10px solid black; margin: 10px;\" src=\"http:\/\/frederickcleverly.com\/wp-content\/uploads\/2014\/11\/bannerchromatic.jpg\" alt=\"bannerchromatisch\" width=\"907\" height=\"270\" srcset=\"https:\/\/frederickcleverly.com\/wp-content\/uploads\/2014\/11\/bannerchromatic.jpg 907w, https:\/\/frederickcleverly.com\/wp-content\/uploads\/2014\/11\/bannerchromatic-300x89.jpg 300w\" sizes=\"(max-width: 907px) 100vw, 907px\" \/><\/a><strong>Leider sind Wurzeln nicht nur f\u00fcr B\u00e4ume!<\/strong><\/p>\n<p style=\"text-align: left;\"><strong><a href=\"http:\/\/frederickcleverly.com\/wp-content\/uploads\/2014\/11\/Shine-In-The-City_trends_facets_large.jpg\"><img loading=\"lazy\" decoding=\"async\" class=\" wp-image-1045 alignright\" style=\"border: 10px solid black; margin: 10px;\" src=\"http:\/\/frederickcleverly.com\/wp-content\/uploads\/2014\/11\/Shine-In-The-City_trends_facets_large.jpg\" alt=\"Shine-In-The-City_trends_facets_large\" width=\"358\" height=\"365\" srcset=\"https:\/\/frederickcleverly.com\/wp-content\/uploads\/2014\/11\/Shine-In-The-City_trends_facets_large.jpg 640w, https:\/\/frederickcleverly.com\/wp-content\/uploads\/2014\/11\/Shine-In-The-City_trends_facets_large-294x300.jpg 294w\" sizes=\"(max-width: 358px) 100vw, 358px\" \/><\/a><\/strong><\/p>\n<p style=\"text-align: left;\">F\u00e4rben Sie Die Wurzeln Ihrer Haare ist ein Service, den viele brauchen.<\/p>\n<blockquote>\n<p style=\"text-align: center;\">Wir f\u00fchren die besten Produkte, mit denen Sie Ihre Wurzeln f\u00e4rben k\u00f6nnen.<\/p>\n<\/blockquote>\n<p style=\"text-align: center;\"><a href=\"http:\/\/frederickcleverly.com\/wp-content\/uploads\/2014\/11\/p6.jpg\"><img loading=\"lazy\" decoding=\"async\" class=\"wp-image-1046 aligncenter\" style=\"border: 10px solid black; margin-top: 10px; margin-bottom: 10px;\" src=\"http:\/\/frederickcleverly.com\/wp-content\/uploads\/2014\/11\/p6.jpg\" alt=\"\" width=\"907\" height=\"272\" \/><\/a><\/p>\n<blockquote><p><img loading=\"lazy\" decoding=\"async\" class=\" wp-image-1047 alignright\" style=\"border: 10px solid black; margin: 10px;\" src=\"http:\/\/frederickcleverly.com\/wp-content\/uploads\/2014\/11\/product_detail_chrom_beyondcover_title.png\" alt=\"product_detail_chrom_beyondcover_title\" width=\"222\" height=\"79\" srcset=\"https:\/\/frederickcleverly.com\/wp-content\/uploads\/2014\/11\/product_detail_chrom_beyondcover_title.png 462w, https:\/\/frederickcleverly.com\/wp-content\/uploads\/2014\/11\/product_detail_chrom_beyondcover_title-300x107.png 300w\" sizes=\"(max-width: 222px) 100vw, 222px\" \/><\/p>\n<p style=\"text-align: center;\">R<em>edken Beyond Color ist bei weitem der beste Weg, um diese unansehnlichen Wurzeln loszuwerden! Redken Beyond Color, F\u00e4den auf eine sehr nat\u00fcrliche Weise, indem kleine Highlights in Ihrem Haar zu lassen, so dass es nicht zu hart oder synthetisch aussieht.<\/em><\/p>\n<\/blockquote>\n<p>\u00a0<\/p>\n<p><a href=\"http:\/\/frederickcleverly.com\/wp-content\/uploads\/2014\/11\/406eebe4a611d56df558048a2f276b20.jpg\"><img loading=\"lazy\" decoding=\"async\" class=\" wp-image-1058 alignleft\" src=\"http:\/\/frederickcleverly.com\/wp-content\/uploads\/2014\/11\/406eebe4a611d56df558048a2f276b20.jpg\" alt=\"406eebe4a611d56df558048a2f276b20\" width=\"284\" height=\"404\" srcset=\"https:\/\/frederickcleverly.com\/wp-content\/uploads\/2014\/11\/406eebe4a611d56df558048a2f276b20.jpg 474w, https:\/\/frederickcleverly.com\/wp-content\/uploads\/2014\/11\/406eebe4a611d56df558048a2f276b20-211x300.jpg 211w\" sizes=\"(max-width: 284px) 100vw, 284px\" \/><\/a><\/p>\n<p><a href=\"http:\/\/frederickcleverly.com\/wp-content\/uploads\/2014\/11\/Redken_Beyond_Cover_tubo.jpg\"><img loading=\"lazy\" decoding=\"async\" class=\" wp-image-1059 alignright\" src=\"http:\/\/frederickcleverly.com\/wp-content\/uploads\/2014\/11\/Redken_Beyond_Cover_tubo.jpg\" alt=\"Redken_Beyond_Cover_tubo\" width=\"158\" height=\"285\" srcset=\"https:\/\/frederickcleverly.com\/wp-content\/uploads\/2014\/11\/Redken_Beyond_Cover_tubo-167x300.jpg 167w, https:\/\/frederickcleverly.com\/wp-content\/uploads\/2014\/11\/Redken_Beyond_Cover_tubo-570x1024.jpg 570w\" sizes=\"(max-width: 158px) 100vw, 158px\" \/><\/a><\/p>\n<blockquote><p>Dieses Produkt wird Ihnen einen wunderbar nat\u00fcrlichen Glanz und reflektierendes Licht, das so gesund und nat\u00fcrlich aussieht, die Menschen werden nicht zweimal schauen, um zu sehen, ob Sie sie getan haben.<\/p>\n<p>\u00a0<\/p><\/blockquote>\n<p style=\"text-align: center;\"><a href=\"http:\/\/frederickcleverly.com\/wp-content\/uploads\/2014\/11\/ammoina-free-ods.jpg\"><img loading=\"lazy\" decoding=\"async\" class=\" wp-image-1075 aligncenter\" src=\"http:\/\/frederickcleverly.com\/wp-content\/uploads\/2014\/11\/ammoina-free-ods.jpg\" alt=\"Munition frei ods\" width=\"678\" height=\"410\" srcset=\"https:\/\/frederickcleverly.com\/wp-content\/uploads\/2014\/11\/ammoina-free-ods.jpg 848w, https:\/\/frederickcleverly.com\/wp-content\/uploads\/2014\/11\/ammoina-free-ods-300x181.jpg 300w\" sizes=\"(max-width: 678px) 100vw, 678px\" \/><\/a><em>Redken Beyond Color verwendet kein Ammonium, es verwendet Kokos\u00f6l, um die Farbe unter die Cuticula zu injizieren. Da es kein Ammonium gibt, ist das Haar viel weniger gesch\u00e4digt und die Farbe bleibt l\u00e4nger sch\u00f6n.<\/em><\/p>\n<blockquote><p><span style=\"line-height: 1.5em;\"><a href=\"http:\/\/frederickcleverly.com\/wp-content\/uploads\/2014\/10\/Redken-Color-Extend-Magnetics-4.png\"><img loading=\"lazy\" decoding=\"async\" class=\" wp-image-1007 alignright\" style=\"border: 10px solid black; margin: 10px;\" src=\"http:\/\/frederickcleverly.com\/wp-content\/uploads\/2014\/10\/Redken-Color-Extend-Magnetics-4-256x300.png\" alt=\"Redken Color Extend Magnetics 4\" width=\"205\" height=\"240\" srcset=\"https:\/\/frederickcleverly.com\/wp-content\/uploads\/2014\/10\/Redken-Color-Extend-Magnetics-4-256x300.png 256w, https:\/\/frederickcleverly.com\/wp-content\/uploads\/2014\/10\/Redken-Color-Extend-Magnetics-4-874x1024.png 874w, https:\/\/frederickcleverly.com\/wp-content\/uploads\/2014\/10\/Redken-Color-Extend-Magnetics-4.png 892w\" sizes=\"(max-width: 205px) 100vw, 205px\" \/><\/a>Wenn Sie Ihr Haar Wochen nach einer Redken Haarfarbe Wurzeln Behandlung waschen, werden Sie feststellen, dass Ihr Haar auf eine ganz andere Weise gef\u00e4rbt wurde, weil es sich weniger trocken anf\u00fchlt und ein nat\u00fcrlicher gl\u00e4nzendes Aussehen hat.<\/span><\/p><\/blockquote>\n<p>\u00a0<\/p>\n<p>\u00a0<\/p>\n<blockquote><p><a href=\"http:\/\/frederickcleverly.com\/wp-content\/uploads\/2014\/11\/pureology.jpg\"><img loading=\"lazy\" decoding=\"async\" class=\"size-medium wp-image-1085 alignleft\" style=\"border: 10px solid black; margin: 10px;\" src=\"http:\/\/frederickcleverly.com\/wp-content\/uploads\/2014\/11\/pureology-300x267.jpg\" alt=\"Reinologie\" width=\"300\" height=\"267\" srcset=\"https:\/\/frederickcleverly.com\/wp-content\/uploads\/2014\/11\/pureology-300x267.jpg 300w, https:\/\/frederickcleverly.com\/wp-content\/uploads\/2014\/11\/pureology.jpg 800w\" sizes=\"(max-width: 300px) 100vw, 300px\" \/><\/a>Verwenden Sie immer gute Redken oder Purology Haarpflegeprodukte, um sich um Ihre sch\u00f6nen farbigen Haare zu k\u00fcmmern.<\/p>\n<p>\u00a0<\/p><\/blockquote>\n","protected":false},"excerpt":{"rendered":"<p>Leider sind Wurzeln nicht nur f\u00fcr B\u00e4ume! F\u00e4rben Sie Die Wurzeln Ihrer Haare ist ein Service, den viele brauchen. Wir f\u00fchren die besten Produkte, mit denen Sie Ihre Wurzeln f\u00e4rben k\u00f6nnen. Redken Beyond Color ist bei weitem der beste Weg, um diese unansehnlichen Wurzeln loszuwerden! Redken Beyond Color, F\u00e4den auf eine sehr nat\u00fcrliche Weise, indem [&hellip;]<\/p>\n","protected":false},"author":2,"featured_media":1092,"parent":0,"menu_order":0,"comment_status":"open","ping_status":"open","template":"","meta":{"_et_pb_use_builder":"","_et_pb_old_content":"","_et_gb_content_width":"","footnotes":""},"class_list":["post-2161","page","type-page","status-publish","has-post-thumbnail","hentry","wp-image-borders"],"_links":{"self":[{"href":"https:\/\/frederickcleverly.com\/playa-del-ingles-gran-canaria\/wp-json\/wp\/v2\/pages\/2161"}],"collection":[{"href":"https:\/\/frederickcleverly.com\/playa-del-ingles-gran-canaria\/wp-json\/wp\/v2\/pages"}],"about":[{"href":"https:\/\/frederickcleverly.com\/playa-del-ingles-gran-canaria\/wp-json\/wp\/v2\/types\/page"}],"author":[{"embeddable":true,"href":"https:\/\/frederickcleverly.com\/playa-del-ingles-gran-canaria\/wp-json\/wp\/v2\/users\/2"}],"replies":[{"embeddable":true,"href":"https:\/\/frederickcleverly.com\/playa-del-ingles-gran-canaria\/wp-json\/wp\/v2\/comments?post=2161"}],"version-history":[{"count":1,"href":"https:\/\/frederickcleverly.com\/playa-del-ingles-gran-canaria\/wp-json\/wp\/v2\/pages\/2161\/revisions"}],"predecessor-version":[{"id":2252,"href":"https:\/\/frederickcleverly.com\/playa-del-ingles-gran-canaria\/wp-json\/wp\/v2\/pages\/2161\/revisions\/2252"}],"wp:featuredmedia":[{"embeddable":true,"href":"https:\/\/frederickcleverly.com\/playa-del-ingles-gran-canaria\/wp-json\/wp\/v2\/media\/1092"}],"wp:attachment":[{"href":"https:\/\/frederickcleverly.com\/playa-del-ingles-gran-canaria\/wp-json\/wp\/v2\/media?parent=2161"}],"curies":[{"name":"wp","href":"https:\/\/api.w.org\/{rel}","templated":true}]}}