{"id":2184,"date":"2014-10-29T03:18:55","date_gmt":"2014-10-29T03:18:55","guid":{"rendered":"http:\/\/frederickcleverly.com\/playa-del-ingles-gran-canaria\/?page_id=943"},"modified":"2020-12-14T16:48:04","modified_gmt":"2020-12-14T16:48:04","slug":"braut-haar-make-up","status":"publish","type":"page","link":"https:\/\/frederickcleverly.com\/playa-del-ingles-gran-canaria\/de\/braut-haar-make-up\/","title":{"rendered":"Braut Haar und Make-up"},"content":{"rendered":"<p>He<strong>iraten Sie in Gran Canary? Cool!<a href=\"http:\/\/frederickcleverly.com\/wp-content\/uploads\/2014\/10\/DSC_1092.jpg\"><img loading=\"lazy\" decoding=\"async\" class=\"alignright\" style=\"border: 10px solid black; margin: 10px;\" src=\"http:\/\/frederickcleverly.com\/wp-content\/uploads\/2014\/10\/DSC_1092-200x300.jpg\" alt=\"DSC_1092\" width=\"200\" height=\"300\" \/><\/a><\/strong><\/p>\n<blockquote><p>Sie werden hervorragende Brauthaare und Make-up ben\u00f6tigen, und das ist, wo FRDK kommt ins Spiel.<\/p><\/blockquote>\n<p>Sowohl Tom Szigeti als auch Frederick Cleverly sind Spezialisten f\u00fcr Brauthaar und Braut-Make-up. Sowohl Brauthaar als auch Make-up zu kennen ist wichtig, weil Sie idealerweise nur eine Person haben, die Ihren gesamten Look kontrolliert. Das macht alles viel einfacher f\u00fcr SIE die Braut! Ihr Haar- und Make-up-K\u00fcnstler wird Sie kennenlernen und verstehen, wodurch der gesamte Prozess der Vorbereitung auf diesen gro\u00dfen Tag einfacher wird!<\/p>\n<p><a href=\"http:\/\/frederickcleverly.com\/wp-content\/uploads\/2014\/10\/wedding-bride-styling.jpg\"><img loading=\"lazy\" decoding=\"async\" class=\"alignleft\" style=\"border: 10px solid black; margin: 10px;\" src=\"http:\/\/frederickcleverly.com\/wp-content\/uploads\/2014\/10\/wedding-bride-styling.jpg\" alt=\"Hochzeit-Braut-Styling\" width=\"350\" height=\"524\" \/><\/a><\/p>\n<p>Wir haben die bes<em>ten Produkte f\u00fcr Sie f\u00fcr Ihren gro\u00dfen Tag. Wir verwenden nur die beste Qualit\u00e4t, denn hier in Gran Canary hat das Wetter seine extrem.<\/em><\/p>\n<p style=\"text-align: center;\"><a href=\"http:\/\/frederickcleverly.com\/wp-content\/uploads\/2014\/10\/braiding-and-styling-hair.jpg\"><img loading=\"lazy\" decoding=\"async\" class=\"aligncenter\" style=\"border: 10px solid black; margin: 10px;\" src=\"http:\/\/frederickcleverly.com\/wp-content\/uploads\/2014\/10\/braiding-and-styling-hair.jpg\" alt=\"Flecht-und-Styling-Haar\" width=\"960\" height=\"725\" \/><\/a>Sie k\u00f6nnen eine Menge SUN z\u00e4hlen, das bedeutet, dass es warm werden kann, und nur die besten Produkte sind f\u00fcr diese Bedingungen geeignet.<\/p>\n<p><img loading=\"lazy\" decoding=\"async\" class=\"alignleft\" style=\"border: 10px solid black; margin: 10px;\" src=\"http:\/\/frederickcleverly.com\/wp-content\/uploads\/2014\/10\/web03.png\" alt=\"web03\" width=\"187\" height=\"182\" \/><\/p>\n<p>\u00a0<\/p>\n<p><a href=\"http:\/\/frederickcleverly.com\/wp-content\/uploads\/2014\/10\/6821_155514600070_710975070_4102082_5260753_n.jpg\"><img loading=\"lazy\" decoding=\"async\" class=\"alignright\" style=\"border: 10px solid black; margin: 10px;\" src=\"http:\/\/frederickcleverly.com\/wp-content\/uploads\/2014\/10\/6821_155514600070_710975070_4102082_5260753_n.jpg\" alt=\"6821_155514600070_710975070_4102082_5260753_n\" width=\"242\" height=\"362\" \/><\/a><\/p>\n<blockquote><p>Redken f\u00fcr Ihre Haare und MAC f\u00fcr Ihr Gesicht, werfen Sie in ein paar Geheimnisse, die wir aus unserer Erfahrung auf der Insel gelernt haben, und Sie haben einen Stil, der bis in die fr\u00fchen Morgenstunden dauern wird! Das ist ein Versprechen!<\/p>\n<p>\u00a0<\/p><\/blockquote>\n<p style=\"text-align: center;\"><a href=\"http:\/\/frederickcleverly.com\/wp-content\/uploads\/2014\/10\/MG_0172.jpg\"><img loading=\"lazy\" decoding=\"async\" class=\"aligncenter\" style=\"border: 10px solid black; margin: 10px;\" title=\"Eli Glenn Mette Brandt Frederick Cleverly\" src=\"http:\/\/frederickcleverly.com\/wp-content\/uploads\/2014\/10\/MG_0172.jpg\" alt=\"_MG_0172\" width=\"800\" height=\"534\" \/><\/a><\/p>\n","protected":false},"excerpt":{"rendered":"<p>Heiraten Sie in Gran Canary? Cool! Sie werden hervorragende Brauthaare und Make-up ben\u00f6tigen, und das ist, wo FRDK kommt ins Spiel. Sowohl Tom Szigeti als auch Frederick Cleverly sind Spezialisten f\u00fcr Brauthaar und Braut-Make-up. Sowohl Brauthaar als auch Make-up zu kennen ist wichtig, weil Sie idealerweise nur eine Person haben, die Ihren gesamten Look kontrolliert. [&hellip;]<\/p>\n","protected":false},"author":2,"featured_media":1944,"parent":0,"menu_order":0,"comment_status":"open","ping_status":"open","template":"","meta":{"_et_pb_use_builder":"","_et_pb_old_content":"","_et_gb_content_width":"","footnotes":""},"class_list":["post-2184","page","type-page","status-publish","has-post-thumbnail","hentry","wp-image-borders"],"_links":{"self":[{"href":"https:\/\/frederickcleverly.com\/playa-del-ingles-gran-canaria\/wp-json\/wp\/v2\/pages\/2184"}],"collection":[{"href":"https:\/\/frederickcleverly.com\/playa-del-ingles-gran-canaria\/wp-json\/wp\/v2\/pages"}],"about":[{"href":"https:\/\/frederickcleverly.com\/playa-del-ingles-gran-canaria\/wp-json\/wp\/v2\/types\/page"}],"author":[{"embeddable":true,"href":"https:\/\/frederickcleverly.com\/playa-del-ingles-gran-canaria\/wp-json\/wp\/v2\/users\/2"}],"replies":[{"embeddable":true,"href":"https:\/\/frederickcleverly.com\/playa-del-ingles-gran-canaria\/wp-json\/wp\/v2\/comments?post=2184"}],"version-history":[{"count":1,"href":"https:\/\/frederickcleverly.com\/playa-del-ingles-gran-canaria\/wp-json\/wp\/v2\/pages\/2184\/revisions"}],"predecessor-version":[{"id":2240,"href":"https:\/\/frederickcleverly.com\/playa-del-ingles-gran-canaria\/wp-json\/wp\/v2\/pages\/2184\/revisions\/2240"}],"wp:featuredmedia":[{"embeddable":true,"href":"https:\/\/frederickcleverly.com\/playa-del-ingles-gran-canaria\/wp-json\/wp\/v2\/media\/1944"}],"wp:attachment":[{"href":"https:\/\/frederickcleverly.com\/playa-del-ingles-gran-canaria\/wp-json\/wp\/v2\/media?parent=2184"}],"curies":[{"name":"wp","href":"https:\/\/api.w.org\/{rel}","templated":true}]}}