{"id":2185,"date":"2014-10-29T03:10:46","date_gmt":"2014-10-29T03:10:46","guid":{"rendered":"http:\/\/frederickcleverly.com\/playa-del-ingles-gran-canaria\/?page_id=941"},"modified":"2020-12-14T17:19:51","modified_gmt":"2020-12-14T17:19:51","slug":"hochzeits-styling","status":"publish","type":"page","link":"https:\/\/frederickcleverly.com\/playa-del-ingles-gran-canaria\/de\/hochzeits-styling\/","title":{"rendered":"Hochzeit Styling"},"content":{"rendered":"<p>\u00a0<\/p>\n<p style=\"text-align: center;\"><a href=\"http:\/\/frederickcleverly.com\/wp-content\/uploads\/2014\/10\/3570__1000x1000_410-jurgita-og-terje-8740.jpg\"><img loading=\"lazy\" decoding=\"async\" class=\"aligncenter\" style=\"border: 10px solid black; margin: 10px;\" alt=\"Mette Brandt Frederick Cleverly\" src=\"http:\/\/frederickcleverly.com\/wp-content\/uploads\/2014\/10\/3570__1000x1000_410-jurgita-og-terje-8740.jpg\" width=\"1000\" height=\"667\" \/><\/a><\/p>\n<p><strong>Hochzeit Styling ist alles \u00fcber Leichtigkeit!<\/strong><\/p>\n<p><em>Und das bekommt man nur, wenn man sehr viel Erfahrung hat.<\/em><\/p>\n<p>Hie<a href=\"http:\/\/frederickcleverly.com\/wp-content\/uploads\/2014\/10\/3540__1000x1000_116-jurgita-og-terje-8135.jpg\"><img loading=\"lazy\" decoding=\"async\" class=\"alignleft\" style=\"border: 10px solid black; margin: 10px;\" alt=\"3540__1000x1000_116-jurgita-og-terje-8135\" src=\"http:\/\/frederickcleverly.com\/wp-content\/uploads\/2014\/10\/3540__1000x1000_116-jurgita-og-terje-8135-200x300.jpg\" width=\"200\" height=\"300\" \/><\/a>r in der sch\u00f6nen Sonne neben dem Atlantischen Ozean, ist alles so zur\u00fcckgelegt.<\/p>\n<p>Ihr Hochzeitsstyling f\u00fcr Ihre kanarische Zeremonie sollte k\u00fchl und voller Sonne sein.<\/p>\n<p>Auf dieser wunderbaren tropischen Insel direkt vor der K\u00fcste Afrikas ist das Hochzeitsstyling hell und sch\u00f6n, genau wie Sie am Strand sind. Sie Haare geht in ein Br\u00f6tchen, Sie Make-up sieht fast nicht existent.<a href=\"http:\/\/frederickcleverly.com\/wp-content\/uploads\/2014\/10\/3559__1000x1000_227-jurgita-og-terje-8397.jpg\"><img loading=\"lazy\" decoding=\"async\" class=\"alignright\" style=\"border: 10px solid black; margin: 10px;\" alt=\"3559__1000x1000_227-jurgita-og-terje-8397\" src=\"http:\/\/frederickcleverly.com\/wp-content\/uploads\/2014\/10\/3559__1000x1000_227-jurgita-og-terje-8397-200x300.jpg\" width=\"200\" height=\"300\" \/><\/a><\/p>\n<p>\u00a0<\/p>\n<blockquote><p><em>Hochzeitsstyling beginnt mit einem Interview, um sich kennenzulernen, an diesem Tag gehen wir zu Ihnen oder Sie kommen zu uns, wie Sie m\u00f6chten. Ein sch\u00f6nes Glas Sprudel und eine erfrischende Gesichtsmassage starten Sie auf den richtigen Beat.<\/em><\/p><\/blockquote>\n<p><a href=\"http:\/\/frederickcleverly.com\/wp-content\/uploads\/2014\/10\/3580__1000x1000_501-jurgita-og-terje-8920.jpg\"><img loading=\"lazy\" decoding=\"async\" class=\"alignleft\" style=\"border: 10px solid black; margin: 10px;\" alt=\"3580__1000x1000_501-jurgita-og-terje-8920\" src=\"http:\/\/frederickcleverly.com\/wp-content\/uploads\/2014\/10\/3580__1000x1000_501-jurgita-og-terje-8920-200x300.jpg\" width=\"200\" height=\"300\" \/><\/a><\/p>\n<p>\u00a0<\/p>\n<p>\u00a0<\/p>\n<p>\u00a0<\/p>\n<p style=\"text-align: center;\">Wir werden so viel wie m\u00f6glich im Voraus planen, so dass Sie wirklich das sch\u00f6ne entspannte Gef\u00fchl bekommen k\u00f6nnen, das von einer tropischen Insel kommt. Sie werden in der atlantischen Brise zu Ihrer Zeremonie driften und den Tag haben, den Sie nie vergessen werden. Sie werden sch\u00f6n aussehen, so dass Sie nicht f\u00fcr die Kamera &quot;posieren&quot; m\u00fcssen, nur Sie selbst sein, unser Service wird Sie Ihr Bestes aussehen lassen, nicht weniger als fantastisch.<a href=\"http:\/\/frederickcleverly.com\/wp-content\/uploads\/2014\/10\/3594__1000x1000_599-jurgita-og-terje-9158.jpg\"><img loading=\"lazy\" decoding=\"async\" class=\"aligncenter\" style=\"border: 10px solid black; margin: 10px;\" alt=\"3594__1000x1000_599-jurgita-og-terje-9158\" src=\"http:\/\/frederickcleverly.com\/wp-content\/uploads\/2014\/10\/3594__1000x1000_599-jurgita-og-terje-9158.jpg\" width=\"667\" height=\"1000\" \/><\/a><\/p>\n<p>\u00a0<\/p>\n","protected":false},"excerpt":{"rendered":"<p>\u00a0 Hochzeit Styling ist alles \u00fcber Leichtigkeit! Und das bekommt man nur, wenn man sehr viel Erfahrung hat. Hier in der sch\u00f6nen Sonne neben dem Atlantischen Ozean, ist alles so zur\u00fcckgelegt. Ihr Hochzeitsstyling f\u00fcr Ihre kanarische Zeremonie sollte k\u00fchl und voller Sonne sein. Auf dieser wunderbaren tropischen Insel direkt vor der K\u00fcste Afrikas ist das [&hellip;]<\/p>\n","protected":false},"author":2,"featured_media":269,"parent":0,"menu_order":0,"comment_status":"open","ping_status":"open","template":"","meta":{"_et_pb_use_builder":"","_et_pb_old_content":"","_et_gb_content_width":"","footnotes":""},"class_list":["post-2185","page","type-page","status-publish","has-post-thumbnail","hentry","wp-image-borders"],"_links":{"self":[{"href":"https:\/\/frederickcleverly.com\/playa-del-ingles-gran-canaria\/wp-json\/wp\/v2\/pages\/2185"}],"collection":[{"href":"https:\/\/frederickcleverly.com\/playa-del-ingles-gran-canaria\/wp-json\/wp\/v2\/pages"}],"about":[{"href":"https:\/\/frederickcleverly.com\/playa-del-ingles-gran-canaria\/wp-json\/wp\/v2\/types\/page"}],"author":[{"embeddable":true,"href":"https:\/\/frederickcleverly.com\/playa-del-ingles-gran-canaria\/wp-json\/wp\/v2\/users\/2"}],"replies":[{"embeddable":true,"href":"https:\/\/frederickcleverly.com\/playa-del-ingles-gran-canaria\/wp-json\/wp\/v2\/comments?post=2185"}],"version-history":[{"count":1,"href":"https:\/\/frederickcleverly.com\/playa-del-ingles-gran-canaria\/wp-json\/wp\/v2\/pages\/2185\/revisions"}],"predecessor-version":[{"id":2254,"href":"https:\/\/frederickcleverly.com\/playa-del-ingles-gran-canaria\/wp-json\/wp\/v2\/pages\/2185\/revisions\/2254"}],"wp:featuredmedia":[{"embeddable":true,"href":"https:\/\/frederickcleverly.com\/playa-del-ingles-gran-canaria\/wp-json\/wp\/v2\/media\/269"}],"wp:attachment":[{"href":"https:\/\/frederickcleverly.com\/playa-del-ingles-gran-canaria\/wp-json\/wp\/v2\/media?parent=2185"}],"curies":[{"name":"wp","href":"https:\/\/api.w.org\/{rel}","templated":true}]}}