{"id":2186,"date":"2014-10-29T03:06:44","date_gmt":"2014-10-29T03:06:44","guid":{"rendered":"http:\/\/frederickcleverly.com\/playa-del-ingles-gran-canaria\/?page_id=933"},"modified":"2020-12-14T17:09:02","modified_gmt":"2020-12-14T17:09:02","slug":"haar-highlights","status":"publish","type":"page","link":"https:\/\/frederickcleverly.com\/playa-del-ingles-gran-canaria\/de\/haar-highlights\/","title":{"rendered":"Haar-Highlights"},"content":{"rendered":"<p>We<strong><a href=\"http:\/\/frederickcleverly.com\/wp-content\/uploads\/2014\/10\/blond-moda-calida-frederick-cleverly.jpg\"><img loading=\"lazy\" decoding=\"async\" class=\"alignleft\" style=\"border: 10px solid black; margin: 10px;\" src=\"http:\/\/frederickcleverly.com\/wp-content\/uploads\/2014\/10\/blond-moda-calida-frederick-cleverly-726x1024.jpg\" alt=\"blond moda calida frederick cleverly\" width=\"365\" height=\"516\" \/><\/a>nn Sie Ihre Highlights gepflegt haben, sind wir daf\u00fcr sehr gut ausgebildet.<\/strong><\/p>\n<p>Highlights sind eine wunderbare M\u00f6glichkeit, Ihrem Haar mehr Tiefe und Textur zu verleihen.<\/p>\n<blockquote><p>Der beste<em> Weg, um feines Haar voller aussehen zu lassen, ist, einige Highlights und vielleicht auch einige Lowlights zu weben.<\/em><\/p><\/blockquote>\n<p>Wenn Ihr Haar hervorgehoben wurde, hat es vielleicht seine Sch\u00f6nheit im Sommer verloren und sich in nur gebleichte Haare verwandelt.<\/p>\n<p>Wi<a href=\"http:\/\/frederickcleverly.com\/wp-content\/uploads\/2014\/10\/683af7b781e271733b0ce2b8f388b275.jpg\"><img loading=\"lazy\" decoding=\"async\" class=\"alignleft\" style=\"border: 10px solid black; margin: 10px;\" src=\"http:\/\/frederickcleverly.com\/wp-content\/uploads\/2014\/10\/683af7b781e271733b0ce2b8f388b275-200x300.jpg\" alt=\"683af7b781e271733b0ce2b8f388b275\" width=\"180\" height=\"270\" \/><\/a>r <strong>haben die L\u00f6sung, Redken macht ein sch\u00f6nes Produkt namens Shades EQ, das eine nicht-aggressive, proteinbasierte Farbe ist, die Ihr Haar wieder sch\u00f6n f\u00e4rben und sexen wird.<\/strong><\/p>\n<p>\u00a0<\/p>\n<blockquote><p><em>Kombiniert mit neuen Highlights in Ihren Wurzeln und vielleicht ein paar subtilen Lowlights, um Ihnen wieder Textur zu geben.<\/em><\/p><\/blockquote>\n<p>Hig<a href=\"http:\/\/frederickcleverly.com\/wp-content\/uploads\/2014\/10\/187-REDKEN-MODACALIDA2014-CANARIAS-Fotos-nachourbon.jpg\"><img loading=\"lazy\" decoding=\"async\" class=\"alignright\" style=\"border: 10px solid black; margin: 10px;\" src=\"http:\/\/frederickcleverly.com\/wp-content\/uploads\/2014\/10\/187-REDKEN-MODACALIDA2014-CANARIAS-Fotos-nachourbon-199x300.jpg\" alt=\"187-REDKEN-MODACALIDA2014-CANARIAS-Fotos-nachourbon\" width=\"199\" height=\"300\" \/><\/a>hlights, um grau zu bedecken? Ja! Highlights sind der beste Weg, um diese wei\u00dfen und grauen zu mischen, Highlights machen Sie Haare lebendig werden, es muss nicht &quot;fertig&quot; aussehen, Highlights k\u00f6nnen sehr nat\u00fcrlich aussehen.<\/p>\n<p>\u00a0<\/p>\n<p>\u00a0<\/p>\n<p>\u00a0<\/p>\n<p>\u00a0<\/p>\n<p>\u00a0<\/p>\n<p><a href=\"http:\/\/frederickcleverly.com\/wp-content\/uploads\/2014\/09\/Redken_Blonde_Idol_Shampoo_300ml.jpg\"><img loading=\"lazy\" decoding=\"async\" class=\"alignleft\" style=\"border: 10px solid black; margin: 10px;\" src=\"http:\/\/frederickcleverly.com\/wp-content\/uploads\/2014\/09\/Redken_Blonde_Idol_Shampoo_300ml-300x300.jpg\" alt=\"Redken_Blonde_Idol_Shampoo_300ml\" width=\"210\" height=\"210\" \/><\/a><\/p>\n<blockquote><p>Um sich um Ihre sch\u00f6nen hervorgehobenen Tresses zu k\u00fcmmern, haben wir die perfekten Produkte von Redken. Alles beginnt mit einem gro\u00dfen Shampoo Blond Idol ist ein Sulfat frei intelligentes Shampoo, es wird gro\u00dfe Feuchtigkeit zu Ihren Highlights liefern und nicht lassen Sie Ihre Wurzeln fettig.<\/p><\/blockquote>\n<blockquote><p><a href=\"http:\/\/frederickcleverly.com\/wp-content\/uploads\/2014\/09\/redken_blonde_idol_bbb_spray_lightweight_muti_benefit_conditioner.jpg\"><img loading=\"lazy\" decoding=\"async\" class=\"alignright\" style=\"border: 10px solid black; margin: 10px;\" src=\"http:\/\/frederickcleverly.com\/wp-content\/uploads\/2014\/09\/redken_blonde_idol_bbb_spray_lightweight_muti_benefit_conditioner.jpg\" alt=\"redken_blonde_idol_bbb_spray_lightweight_muti_benefit_conditioner\" width=\"221\" height=\"221\" \/><\/a>Eine sch\u00f6ne Leave-in Conditioner k\u00fcmmert sich um Ihre t\u00e4glichen Bed\u00fcrfnisse, aber wenn Sie brauchen, dass wenig extra diese neue Farbe Korrektur Conditioner wird zu genaue Menge der Korrektur Farbe und Conditioner f\u00fcr Ihre Bed\u00fcrfnisse in diesem Moment mischen.<\/p>\n<p>\u00a0<\/p><\/blockquote>\n<p>\u00a0<\/p>\n<p><a href=\"http:\/\/frederickcleverly.com\/wp-content\/uploads\/2014\/09\/redken-blonde.jpg\"><img loading=\"lazy\" decoding=\"async\" class=\"alignleft\" style=\"border: 10px solid black; margin: 10px;\" src=\"http:\/\/frederickcleverly.com\/wp-content\/uploads\/2014\/09\/redken-blonde-300x248.jpg\" alt=\"redken-blonde\" width=\"300\" height=\"248\" \/><\/a><\/p>\n<p>\u00a0<\/p>\n<p>\u00a0<\/p>\n<p>\u00a0<\/p>\n<p>\u00a0<\/p>\n<p>\u00a0<\/p>\n<p>\u00a0<\/p>\n<blockquote><p>WIE M<strong>AN FARBKORREKTUR VERWENDEN<\/strong><\/p><\/blockquote>\n<p><iframe loading=\"lazy\" title=\"How To Use Redken&#039;s Blonde Idol Custom Tone Conditioner for Blonde Hair\" width=\"1080\" height=\"608\" src=\"https:\/\/www.youtube.com\/embed\/S5Ywdpp7C0g?feature=oembed\" frameborder=\"0\" allow=\"accelerometer; autoplay; clipboard-write; encrypted-media; gyroscope; picture-in-picture\" allowfullscreen><\/iframe><\/p>\n<p>Gehe<a href=\"http:\/\/frederickcleverly.com\/wp-content\/uploads\/2014\/09\/redken-argan-oil-2.jpg\"><img loading=\"lazy\" decoding=\"async\" class=\"alignright\" style=\"border: 10px solid black; margin: 10px;\" src=\"http:\/\/frederickcleverly.com\/wp-content\/uploads\/2014\/09\/redken-argan-oil-2-261x300.jpg\" alt=\"Redken Produkte\" width=\"261\" height=\"300\" \/><\/a>n Sie nie auf das Serum, w\u00e4rmen Sie eine kleine Menge zwischen den Handfl\u00e4chen und gelten Sie auf Ihr Haar von der H\u00f6he der Ohren bis zu den Spitzen. Dies wird all diese Farbe und G\u00fcte in und entfesseln Glanz! Wir empfehlen Argan 6 marokkanische ail f\u00fcr diese.<\/p>\n<p>Die Farbe u<a href=\"http:\/\/frederickcleverly.com\/wp-content\/uploads\/2014\/09\/Redken-BexoFAueL.jpg\"><img loading=\"lazy\" decoding=\"async\" class=\"alignleft\" style=\"border: 10px solid black; margin: 10px;\" src=\"http:\/\/frederickcleverly.com\/wp-content\/uploads\/2014\/09\/Redken-BexoFAueL-300x300.jpg\" alt=\"REDKEN Blondes Idol\" width=\"240\" height=\"240\" \/><\/a>nd Abnutzung, Ihnen durch Ihr gesch\u00e4ftiges Leben zu folgen, fordern ihren Tribut an Ihre Haare. F\u00fcllen Sie Feuchtigkeit mit dieser tiefen Behandlung f\u00fcr hervorgehobenes Haar einmal pro Woche.<\/p>\n<p>\u00a0<\/p>\n<blockquote><p>Wenn S<strong>ie Ihre Highlights f\u00fcr einen anderen Look \u00e4ndern m\u00f6chten, bleiben Sie dran f\u00fcr unseren kommenden Blog \u00fcber Ombre und Color Designs.<\/strong><\/p><\/blockquote>\n<p>\u00a0<\/p>\n","protected":false},"excerpt":{"rendered":"<p>Wenn Sie Ihre Highlights gepflegt haben, sind wir daf\u00fcr sehr gut ausgebildet. Highlights sind eine wunderbare M\u00f6glichkeit, Ihrem Haar mehr Tiefe und Textur zu verleihen. Der beste Weg, um feines Haar voller aussehen zu lassen, ist, einige Highlights und vielleicht auch einige Lowlights zu weben. Wenn Ihr Haar hervorgehoben wurde, hat es vielleicht seine Sch\u00f6nheit [&hellip;]<\/p>\n","protected":false},"author":2,"featured_media":327,"parent":0,"menu_order":0,"comment_status":"open","ping_status":"open","template":"","meta":{"_et_pb_use_builder":"","_et_pb_old_content":"","_et_gb_content_width":"","footnotes":""},"class_list":["post-2186","page","type-page","status-publish","has-post-thumbnail","hentry","wp-image-borders"],"_links":{"self":[{"href":"https:\/\/frederickcleverly.com\/playa-del-ingles-gran-canaria\/wp-json\/wp\/v2\/pages\/2186"}],"collection":[{"href":"https:\/\/frederickcleverly.com\/playa-del-ingles-gran-canaria\/wp-json\/wp\/v2\/pages"}],"about":[{"href":"https:\/\/frederickcleverly.com\/playa-del-ingles-gran-canaria\/wp-json\/wp\/v2\/types\/page"}],"author":[{"embeddable":true,"href":"https:\/\/frederickcleverly.com\/playa-del-ingles-gran-canaria\/wp-json\/wp\/v2\/users\/2"}],"replies":[{"embeddable":true,"href":"https:\/\/frederickcleverly.com\/playa-del-ingles-gran-canaria\/wp-json\/wp\/v2\/comments?post=2186"}],"version-history":[{"count":1,"href":"https:\/\/frederickcleverly.com\/playa-del-ingles-gran-canaria\/wp-json\/wp\/v2\/pages\/2186\/revisions"}],"predecessor-version":[{"id":2249,"href":"https:\/\/frederickcleverly.com\/playa-del-ingles-gran-canaria\/wp-json\/wp\/v2\/pages\/2186\/revisions\/2249"}],"wp:featuredmedia":[{"embeddable":true,"href":"https:\/\/frederickcleverly.com\/playa-del-ingles-gran-canaria\/wp-json\/wp\/v2\/media\/327"}],"wp:attachment":[{"href":"https:\/\/frederickcleverly.com\/playa-del-ingles-gran-canaria\/wp-json\/wp\/v2\/media?parent=2186"}],"curies":[{"name":"wp","href":"https:\/\/api.w.org\/{rel}","templated":true}]}}