{"id":2190,"date":"2014-10-29T02:20:34","date_gmt":"2014-10-29T02:20:34","guid":{"rendered":"http:\/\/frederickcleverly.com\/playa-del-ingles-gran-canaria\/?page_id=916"},"modified":"2020-12-14T16:52:56","modified_gmt":"2020-12-14T16:52:56","slug":"brauthaar","status":"publish","type":"page","link":"https:\/\/frederickcleverly.com\/playa-del-ingles-gran-canaria\/de\/brauthaar\/","title":{"rendered":"Brauthaar"},"content":{"rendered":"<p>\u00a0<\/p>\n<p style=\"text-align: center;\">\u00a0<a href=\"http:\/\/frederickcleverly.com\/wp-content\/uploads\/2014\/10\/wedding-in-gran-canaria.jpg\"><img loading=\"lazy\" decoding=\"async\" class=\"aligncenter\" style=\"border: 10px solid black; margin: 10px;\" src=\"http:\/\/frederickcleverly.com\/wp-content\/uploads\/2014\/10\/wedding-in-gran-canaria-1024x682.jpg\" alt=\"Hochzeit-in-gran-canaria\" width=\"508\" height=\"338\" \/><\/a><\/p>\n<blockquote><p><strong>Sie haben EINE Chance, dies richtig zu machen und Vorbereitung ist alles.<\/strong><\/p>\n<p><em>Wir nehmen eine tiefe Ehre in Ihnen helfen, die Frisur f\u00fcr Ihren besonderen Tag zu erstellen. \u00a0<\/em><\/p>\n<p><a href=\"http:\/\/frederickcleverly.com\/wp-content\/uploads\/2014\/10\/bridal-hair-accessories.jpg\"><img loading=\"lazy\" decoding=\"async\" class=\"alignleft\" style=\"border: 10px solid black; margin: 10px;\" src=\"http:\/\/frederickcleverly.com\/wp-content\/uploads\/2014\/10\/bridal-hair-accessories.jpg\" alt=\"Braut-Haar-Accessoires\" width=\"280\" height=\"420\" \/><\/a><\/p><\/blockquote>\n<p>Ihr Hochzeitskleid ist spektakul\u00e4r, Ihre Schuhe sollen sterben, aber was ist mit Ihrem HAAR?<\/p>\n<p><a href=\"http:\/\/frederickcleverly.com\/wp-content\/uploads\/2014\/10\/wedding-hairstyles.jpg\"><img loading=\"lazy\" decoding=\"async\" class=\"alignright\" style=\"border: 10px solid black; margin: 10px;\" src=\"http:\/\/frederickcleverly.com\/wp-content\/uploads\/2014\/10\/wedding-hairstyles-200x300.jpg\" alt=\"Hochzeitsfrisuren\" width=\"200\" height=\"300\" \/><\/a><\/p>\n<p>Wir werden Sie durch viele Dinge f\u00fchren, die Sie f\u00fcr Ihre Brauthaare zu ber\u00fccksichtigen. Ihr Gesicht, Ihre besten Eigenschaften, Ihr Stil, das Wetter, die Beleuchtung, seien Sie versichert, dass alles an Ort und Stelle fallen wird. Wir tun dies seit vielen Jahren, und wir wissen, dass jeder K\u00f6rperstil pers\u00f6nlich ist.<\/p>\n<p>\u00a0<\/p>\n<blockquote><p><strong>Kommunikation ist der wichtigste Teil. Wir wollen sie sein, in Ihren Schuhen sein und diese Energie sp\u00fcren.Dieser Tag wird unvergesslich sein. \u00a0<\/strong><\/p>\n<p><strong>\u00a0<\/strong><\/p><\/blockquote>\n<p>Haare f\u00fcr Ihre Hochzeit ist wichtig. Du bist die BRIDE! Ihre Hochzeit hat viele Aspekte, aber die BRIDE ist das Zentrum des Universums in diesem Moment und die BRIDAL HAIR muss gro\u00df sein. Brauthaar ist, was Ihr Gesicht umrahmt und kr\u00f6nt Ihren Kopf.<\/p>\n<p><a href=\"http:\/\/frederickcleverly.com\/wp-content\/uploads\/2014\/10\/bride-hairstyles-3.jpg\"><img loading=\"lazy\" decoding=\"async\" class=\"alignleft\" style=\"border: 10px solid black; margin: 10px;\" src=\"http:\/\/frederickcleverly.com\/wp-content\/uploads\/2014\/10\/bride-hairstyles-3.jpg\" alt=\"braut-frisuren-3 frederickcleverly\" width=\"385\" height=\"576\" \/><\/a><\/p>\n<p>Sie<em> haben einen Traum, eine Vision, wie Sie aussehen wollen, und das Brauthaar ist, was alles zusammenkommen l\u00e4sst. Ihre Brauthaare werden den Menschen um Sie herum sagen, wer Sie sind und wie Sie sind. Es gibt viele M\u00f6glichkeiten, Ihre Brauthaare zu tun, es kann schick oder sportlich, klassisch oder kantig sein, der Himmel ist die Grenze.<\/em><\/p>\n<p>\u00a0<\/p>\n<blockquote><p>Viele Br\u00e4ute vergessen, dass Hochzeitsbilder f\u00fcr immer sind, so empfehlen wir in der Regel Ihre Braut Haar nicht zu modern im Stil zu sein. Wir k\u00f6nnen einen zeitlosen Look vorschlagen, so dass in 10 Jahren, wenn Sie Hochzeit Bilder sehen, werden Sie sich wie gestern f\u00fchlen.<\/p><\/blockquote>\n<p>Es <a href=\"http:\/\/frederickcleverly.com\/wp-content\/uploads\/2014\/10\/6821_155502775070_710975070_4101980_2749529_n.jpg\"><img loading=\"lazy\" decoding=\"async\" class=\"alignright\" style=\"border: 10px solid black; margin: 10px;\" src=\"http:\/\/frederickcleverly.com\/wp-content\/uploads\/2014\/10\/6821_155502775070_710975070_4101980_2749529_n.jpg\" alt=\"6821_155502775070_710975070_4101980_2749529_n\" width=\"323\" height=\"483\" \/><\/a>ist am besten, nicht auf den gro\u00dfen Tag zu warten, um die Braut Haare richtig zu bekommen. Daher empfehlen wir Ihnen auch, eine Testversion vor der Hochzeit zu haben. Auch wenn es erst am Vortag war. Auf diese Weise gibt es keine unliebsamen \u00dcberraschungen f\u00fcr Sie oder uns!<\/p>\n<p>\u00a0<\/p>\n<p>\u00a0<\/p>\n<p>\u00a0<\/p>\n<p>\u00a0<\/p>\n<p>\u00a0<\/p>\n<p>\u00a0<\/p>\n<p>\u00a0<\/p>\n","protected":false},"excerpt":{"rendered":"<p>\u00a0 \u00a0 Sie haben EINE Chance, dies richtig zu machen und Vorbereitung ist alles. Wir nehmen eine tiefe Ehre in Ihnen helfen, die Frisur f\u00fcr Ihren besonderen Tag zu erstellen. \u00a0 Ihr Hochzeitskleid ist spektakul\u00e4r, Ihre Schuhe sollen sterben, aber was ist mit Ihrem HAAR? Wir werden Sie durch viele Dinge f\u00fchren, die Sie f\u00fcr [&hellip;]<\/p>\n","protected":false},"author":2,"featured_media":975,"parent":0,"menu_order":0,"comment_status":"open","ping_status":"open","template":"","meta":{"_et_pb_use_builder":"","_et_pb_old_content":"","_et_gb_content_width":"","footnotes":""},"class_list":["post-2190","page","type-page","status-publish","has-post-thumbnail","hentry","wp-image-borders"],"_links":{"self":[{"href":"https:\/\/frederickcleverly.com\/playa-del-ingles-gran-canaria\/wp-json\/wp\/v2\/pages\/2190"}],"collection":[{"href":"https:\/\/frederickcleverly.com\/playa-del-ingles-gran-canaria\/wp-json\/wp\/v2\/pages"}],"about":[{"href":"https:\/\/frederickcleverly.com\/playa-del-ingles-gran-canaria\/wp-json\/wp\/v2\/types\/page"}],"author":[{"embeddable":true,"href":"https:\/\/frederickcleverly.com\/playa-del-ingles-gran-canaria\/wp-json\/wp\/v2\/users\/2"}],"replies":[{"embeddable":true,"href":"https:\/\/frederickcleverly.com\/playa-del-ingles-gran-canaria\/wp-json\/wp\/v2\/comments?post=2190"}],"version-history":[{"count":1,"href":"https:\/\/frederickcleverly.com\/playa-del-ingles-gran-canaria\/wp-json\/wp\/v2\/pages\/2190\/revisions"}],"predecessor-version":[{"id":2242,"href":"https:\/\/frederickcleverly.com\/playa-del-ingles-gran-canaria\/wp-json\/wp\/v2\/pages\/2190\/revisions\/2242"}],"wp:featuredmedia":[{"embeddable":true,"href":"https:\/\/frederickcleverly.com\/playa-del-ingles-gran-canaria\/wp-json\/wp\/v2\/media\/975"}],"wp:attachment":[{"href":"https:\/\/frederickcleverly.com\/playa-del-ingles-gran-canaria\/wp-json\/wp\/v2\/media?parent=2190"}],"curies":[{"name":"wp","href":"https:\/\/api.w.org\/{rel}","templated":true}]}}