{"id":2192,"date":"2014-10-29T01:53:32","date_gmt":"2014-10-29T01:53:32","guid":{"rendered":"http:\/\/frederickcleverly.com\/playa-del-ingles-gran-canaria\/?page_id=890"},"modified":"2020-12-14T16:57:58","modified_gmt":"2020-12-14T16:57:58","slug":"friseur-hotel","status":"publish","type":"page","link":"https:\/\/frederickcleverly.com\/playa-del-ingles-gran-canaria\/de\/friseur-hotel\/","title":{"rendered":"Friseur im Hotel"},"content":{"rendered":"<p>\u00a0<\/p>\n<p>\u00a0<\/p>\n<blockquote>\n<p style=\"text-align: center;\"><a href=\"http:\/\/frederickcleverly.com\/wp-content\/uploads\/2014\/10\/DSC_0585bnwl-small.jpg\"><img loading=\"lazy\" decoding=\"async\" class=\"aligncenter\" style=\"border: 10px solid black; margin: 10px;\" src=\"http:\/\/frederickcleverly.com\/wp-content\/uploads\/2014\/10\/DSC_0585bnwl-small-1024x680.jpg\" alt=\"DSC_0585bnwl-klein\" width=\"457\" height=\"303\" \/><\/a><strong>Ihre Lieblingsfrisur und\/oder Make-up in ihrem Hotelzimmer zu bekommen, ist nicht viel zu fragen<\/strong>.<\/p>\n<p>\u00a0<\/p><\/blockquote>\n<p>Friseurimwerden im Hotel ist ein gro\u00dfartiger Service, der Ihnen das Gef\u00fchl gibt, dass spezielle Preise wie \u00fcblich sind, aber mit einer zus\u00e4tzlichen Geb\u00fchr von 50\u20ac, um zu Ihrem Hotel zu gehen. Ob es nur Ihre Behandlungen oder wir eine Gruppensitzung, der Servicepreis ist einmalige Geb\u00fchr.(Dieses Angebot gilt f\u00fcr die Gebiete in Gran Canary von Vecindario bis Mogan.Bei weiteren Reisen k\u00f6nnen wir einen Preis unter Ber\u00fccksichtigung der Reisekosten vor der Insel oder im Norden Gran Canarias arrangieren.<\/p>\n<p style=\"text-align: center;\"><a href=\"http:\/\/frederickcleverly.com\/wp-content\/uploads\/2014\/10\/Four-Seasons-Spa-Hotel-Budapest-Gresham-Palace.png\"><img loading=\"lazy\" decoding=\"async\" class=\"aligncenter\" style=\"border: 10px solid black; margin: 10px;\" src=\"http:\/\/frederickcleverly.com\/wp-content\/uploads\/2014\/10\/Four-Seasons-Spa-Hotel-Budapest-Gresham-Palace.png\" alt=\"Vier-Seasons-Spa-Hotel-Budapest-Gresham-Palace\" width=\"635\" height=\"356\" \/><\/a><\/p>\n<p style=\"text-align: center;\"><a href=\"http:\/\/frederickcleverly.com\/wp-content\/uploads\/2014\/10\/carnaval-makeup.jpg\"><img loading=\"lazy\" decoding=\"async\" class=\"aligncenter\" style=\"border: 10px solid black; margin: 10px;\" src=\"http:\/\/frederickcleverly.com\/wp-content\/uploads\/2014\/10\/carnaval-makeup.jpg\" alt=\"Carnaval-Make-up\" width=\"500\" height=\"360\" \/><\/a>Wenn Sie hier sind, besuchen Gran Canaria f\u00fcr eine besondere Party, Hochzeit oder \u00f6ffentliche Veranstaltung, mit Ihren Haaren und Make-up im Hotel getan kann die beste Option sein. Dies gibt Ihnen Zeit, sich zu entspannen und die Erfahrung zu genie\u00dfen, ohne von Ort zu Ort eilen zu m\u00fcssen.<\/p>\n<blockquote>\n<p style=\"text-align: center;\"><strong>Warum g\u00f6nnen Sie sich nicht wie die Sterne?<\/strong><\/p>\n<\/blockquote>\n<p><div style=\"width: 220px\" class=\"wp-caption alignright\"><a href=\"http:\/\/frederickcleverly.com\/wp-content\/uploads\/2014\/10\/entertainers-hair-makeup-e1414308574830.jpg\"><img loading=\"lazy\" decoding=\"async\" style=\"margin: 10px; border: 10px solid black;\" src=\"http:\/\/frederickcleverly.com\/wp-content\/uploads\/2014\/10\/entertainers-hair-makeup-e1414308574830.jpg\" alt=\"Ainhoa Cantalapiedre GayPride Maspaloams\" width=\"210\" height=\"280\" \/><\/a><p class=\"wp-caption-text\">Ainhoa Cantalapiedra GayPride Maspalomas<\/p>\n<p>(<\/p><\/div>Bi<span style=\"line-height: 1.5em;\">tte beachten Sie, dass die meisten Hotels keine Farbarbeit zul<\/span>assen.)<\/p>\n<p>Danke an Ainhoa Cantalapiedra F\u00fcr ihren Fan pix!<\/p>\n<p><img loading=\"lazy\" decoding=\"async\" class=\"alignleft\" style=\"border: 10px solid black; margin: 10px;\" src=\"http:\/\/frederickcleverly.com\/wp-content\/uploads\/2014\/10\/ainhoa-Fran-entertainer-makeup-5.jpg\" alt=\"ainhoa Fran-Entertainer-Make-up-5\" width=\"210\" height=\"346\" \/><\/p>\n<p>Rufen Sie ein<strong>fach 0034 609 938 267 an<\/strong><\/p>\n","protected":false},"excerpt":{"rendered":"<p>\u00a0 \u00a0 Ihre Lieblingsfrisur und\/oder Make-up in ihrem Hotelzimmer zu bekommen, ist nicht viel zu fragen. \u00a0 Friseurimwerden im Hotel ist ein gro\u00dfartiger Service, der Ihnen das Gef\u00fchl gibt, dass spezielle Preise wie \u00fcblich sind, aber mit einer zus\u00e4tzlichen Geb\u00fchr von 50\u20ac, um zu Ihrem Hotel zu gehen. Ob es nur Ihre Behandlungen oder wir [&hellip;]<\/p>\n","protected":false},"author":2,"featured_media":306,"parent":0,"menu_order":0,"comment_status":"open","ping_status":"open","template":"","meta":{"_et_pb_use_builder":"","_et_pb_old_content":"","_et_gb_content_width":"","footnotes":""},"class_list":["post-2192","page","type-page","status-publish","has-post-thumbnail","hentry","wp-image-borders"],"_links":{"self":[{"href":"https:\/\/frederickcleverly.com\/playa-del-ingles-gran-canaria\/wp-json\/wp\/v2\/pages\/2192"}],"collection":[{"href":"https:\/\/frederickcleverly.com\/playa-del-ingles-gran-canaria\/wp-json\/wp\/v2\/pages"}],"about":[{"href":"https:\/\/frederickcleverly.com\/playa-del-ingles-gran-canaria\/wp-json\/wp\/v2\/types\/page"}],"author":[{"embeddable":true,"href":"https:\/\/frederickcleverly.com\/playa-del-ingles-gran-canaria\/wp-json\/wp\/v2\/users\/2"}],"replies":[{"embeddable":true,"href":"https:\/\/frederickcleverly.com\/playa-del-ingles-gran-canaria\/wp-json\/wp\/v2\/comments?post=2192"}],"version-history":[{"count":1,"href":"https:\/\/frederickcleverly.com\/playa-del-ingles-gran-canaria\/wp-json\/wp\/v2\/pages\/2192\/revisions"}],"predecessor-version":[{"id":2244,"href":"https:\/\/frederickcleverly.com\/playa-del-ingles-gran-canaria\/wp-json\/wp\/v2\/pages\/2192\/revisions\/2244"}],"wp:featuredmedia":[{"embeddable":true,"href":"https:\/\/frederickcleverly.com\/playa-del-ingles-gran-canaria\/wp-json\/wp\/v2\/media\/306"}],"wp:attachment":[{"href":"https:\/\/frederickcleverly.com\/playa-del-ingles-gran-canaria\/wp-json\/wp\/v2\/media?parent=2192"}],"curies":[{"name":"wp","href":"https:\/\/api.w.org\/{rel}","templated":true}]}}