{"id":2199,"date":"2014-10-28T23:55:44","date_gmt":"2014-10-28T23:55:44","guid":{"rendered":"http:\/\/frederickcleverly.com\/playa-del-ingles-gran-canaria\/?page_id=790"},"modified":"2020-12-14T16:55:36","modified_gmt":"2020-12-14T16:55:36","slug":"friseur","status":"publish","type":"page","link":"https:\/\/frederickcleverly.com\/playa-del-ingles-gran-canaria\/de\/friseur\/","title":{"rendered":"Friseur"},"content":{"rendered":"<p><a href=\"http:\/\/frederickcleverly.com\/wp-content\/uploads\/2014\/10\/redken-diamond-oil-shatterproof-shine.jpg\"><img loading=\"lazy\" decoding=\"async\" class=\"alignleft\" style=\"border: 10px solid black; margin: 10px;\" src=\"http:\/\/frederickcleverly.com\/wp-content\/uploads\/2014\/10\/redken-diamond-oil-shatterproof-shine-300x300.jpg\" alt=\"redken-diamond-oil-shatterproof-shine\" width=\"300\" height=\"300\" \/><\/a>Redken wird Ihnen helfen, diese Gelegenheit nicht zu verpassen. Nur wirklich professionelle Friseure verwenden Redken-Produkte. Um Redken professionelle Friseure zu sein, gehen wir viele Male im Jahr zu Lehrg\u00e4ngen. Damit wir auf Messen arbeiten und viel Beratungsarbeit leisten k\u00f6nnen.<\/p>\n<p>\u00a0<\/p>\n<blockquote><p><a href=\"http:\/\/frederickcleverly.com\/wp-content\/uploads\/2014\/10\/fb_MG_1141.jpg\"><img loading=\"lazy\" decoding=\"async\" class=\"alignright\" style=\"border: 10px solid black; margin: 10px;\" src=\"http:\/\/frederickcleverly.com\/wp-content\/uploads\/2014\/10\/fb_MG_1141-200x300.jpg\" alt=\"fb_MG_1141\" width=\"200\" height=\"300\" \/><\/a>In erster Linie sollte Ihr Friseur Ihnen zuh\u00f6ren. Es ist eine gute Idee, einige Bilder von dem, was Sie m\u00f6gen und vielleicht was Sie nicht m\u00f6gen, zu bringen. Das ist eine sehr effektive Art der Kommunikation.<a href=\"http:\/\/frederickcleverly.com\/wp-content\/uploads\/2014\/10\/fb_MG_1128.jpg\"><img loading=\"lazy\" decoding=\"async\" class=\"alignleft\" style=\"border: 10px solid black; margin: 10px;\" src=\"http:\/\/frederickcleverly.com\/wp-content\/uploads\/2014\/10\/fb_MG_1128-300x200.jpg\" alt=\"fb_MG_1128\" width=\"210\" height=\"140\" \/><\/a><\/p><\/blockquote>\n<p>Sie werden viell<a href=\"http:\/\/frederickcleverly.com\/wp-content\/uploads\/2014\/10\/IMG_7241-2-als-Smartobjekt-2.jpg\"><img loading=\"lazy\" decoding=\"async\" class=\"alignleft\" style=\"border: 10px solid black; margin: 10px;\" src=\"http:\/\/frederickcleverly.com\/wp-content\/uploads\/2014\/10\/IMG_7241-2-als-Smartobjekt-2-682x1024.jpg\" alt=\"IMG_7241 (2) als Smartobjekt-2\" width=\"356\" height=\"533\" \/><\/a>eicht nicht feststellen, dass wir alles tun! Zum Beispiel werden wir wegen des Formaldehyds keinen brasilianischen Blowout machen. Es ist nicht gut f\u00fcr Sie oder f\u00fcr Ihren Friseur. Wenn Sie denken, dass Sie etwas Extremes brauchen, m\u00fcssen wir Sie m\u00f6glicherweise auf ein besseres Haargesundheitsregime coachen.<\/p>\n<p>\u00a0<\/p>\n<p>\u00a0<\/p>\n<p>\u00a0<\/p>\n<p>\u00a0<\/p>\n<p>\u00a0<\/p>\n<p>\u00a0<\/p>\n<p>\u00a0<\/p>\n<p>\u00a0<\/p>\n<p>\u00a0<\/p>\n<blockquote><p>Redken kann helfen, mit professioneller Haarpflege F\u00fchrung, werden Sie nie eine dieser Keratin Bomben brauchen!<\/p><\/blockquote>\n<p>\u00a0<\/p>\n<p style=\"text-align: center;\"><a href=\"http:\/\/frederickcleverly.com\/wp-content\/uploads\/2014\/10\/runway-model-hairstyle-and-makeup.jpg\"><img loading=\"lazy\" decoding=\"async\" class=\"aligncenter\" style=\"border: 10px solid black; margin: 10px;\" src=\"http:\/\/frederickcleverly.com\/wp-content\/uploads\/2014\/10\/runway-model-hairstyle-and-makeup.jpg\" alt=\"Runway-Model-Frisur-und-Make-up\" width=\"600\" height=\"400\" \/><\/a><\/p>\n<p>\u00a0<\/p>\n<p>\u00a0<\/p>\n<p><img loading=\"lazy\" decoding=\"async\" src=\"http:\/\/frederickcleverly.com\/wp-content\/uploads\/2014\/09\/womens-hairstyles2-198x300.jpg\" alt=\"Damen-Frisuren2\" width=\"198\" height=\"300\" \/><a href=\"http:\/\/frederickcleverly.com\/wp-content\/uploads\/2014\/10\/runway-hairstyle-and-makeup-2.jpg\"><img loading=\"lazy\" decoding=\"async\" src=\"http:\/\/frederickcleverly.com\/wp-content\/uploads\/2014\/10\/runway-hairstyle-and-makeup-2-220x300.jpg\" alt=\"Runway-Frisur-und-Make-up-2\" width=\"220\" height=\"300\" \/><\/a><\/p>\n<p>\u00a0<\/p>\n<p>\u00a0<\/p>\n","protected":false},"excerpt":{"rendered":"<p>Redken wird Ihnen helfen, diese Gelegenheit nicht zu verpassen. Nur wirklich professionelle Friseure verwenden Redken-Produkte. Um Redken professionelle Friseure zu sein, gehen wir viele Male im Jahr zu Lehrg\u00e4ngen. Damit wir auf Messen arbeiten und viel Beratungsarbeit leisten k\u00f6nnen. \u00a0 In erster Linie sollte Ihr Friseur Ihnen zuh\u00f6ren. Es ist eine gute Idee, einige Bilder [&hellip;]<\/p>\n","protected":false},"author":2,"featured_media":1943,"parent":0,"menu_order":0,"comment_status":"open","ping_status":"open","template":"","meta":{"_et_pb_use_builder":"","_et_pb_old_content":"","_et_gb_content_width":"","footnotes":""},"class_list":["post-2199","page","type-page","status-publish","has-post-thumbnail","hentry","wp-image-borders"],"_links":{"self":[{"href":"https:\/\/frederickcleverly.com\/playa-del-ingles-gran-canaria\/wp-json\/wp\/v2\/pages\/2199"}],"collection":[{"href":"https:\/\/frederickcleverly.com\/playa-del-ingles-gran-canaria\/wp-json\/wp\/v2\/pages"}],"about":[{"href":"https:\/\/frederickcleverly.com\/playa-del-ingles-gran-canaria\/wp-json\/wp\/v2\/types\/page"}],"author":[{"embeddable":true,"href":"https:\/\/frederickcleverly.com\/playa-del-ingles-gran-canaria\/wp-json\/wp\/v2\/users\/2"}],"replies":[{"embeddable":true,"href":"https:\/\/frederickcleverly.com\/playa-del-ingles-gran-canaria\/wp-json\/wp\/v2\/comments?post=2199"}],"version-history":[{"count":1,"href":"https:\/\/frederickcleverly.com\/playa-del-ingles-gran-canaria\/wp-json\/wp\/v2\/pages\/2199\/revisions"}],"predecessor-version":[{"id":2243,"href":"https:\/\/frederickcleverly.com\/playa-del-ingles-gran-canaria\/wp-json\/wp\/v2\/pages\/2199\/revisions\/2243"}],"wp:featuredmedia":[{"embeddable":true,"href":"https:\/\/frederickcleverly.com\/playa-del-ingles-gran-canaria\/wp-json\/wp\/v2\/media\/1943"}],"wp:attachment":[{"href":"https:\/\/frederickcleverly.com\/playa-del-ingles-gran-canaria\/wp-json\/wp\/v2\/media?parent=2199"}],"curies":[{"name":"wp","href":"https:\/\/api.w.org\/{rel}","templated":true}]}}