{"id":2200,"date":"2014-10-28T21:58:40","date_gmt":"2014-10-28T21:58:40","guid":{"rendered":"http:\/\/frederickcleverly.com\/playa-del-ingles-gran-canaria\/?page_id=759"},"modified":"2021-02-15T15:21:07","modified_gmt":"2021-02-15T15:21:07","slug":"a-hair-professional-2","status":"publish","type":"page","link":"https:\/\/frederickcleverly.com\/playa-del-ingles-gran-canaria\/de\/a-hair-professional-2\/","title":{"rendered":"Haar-Profis"},"content":{"rendered":"<p><em>Ein Haarprofi<\/p>\n<p>\u00fcbe<\/em>r Fre<strong>derick Cleverly und den FRDK Sch\u00f6nheitssalon<\/p>\n<p><\/strong><div style=\"width: 210px\" class=\"wp-caption alignleft\"><a href=\"http:\/\/frederickcleverly.com\/wp-content\/uploads\/2014\/10\/Frederick-cleverly_hair_professional2.jpg\"><img loading=\"lazy\" decoding=\"async\" style=\"border: 10px solid black; margin: 10px;\" alt=\"Frederick-cleverly_hair_professional2\" src=\"http:\/\/frederickcleverly.com\/wp-content\/uploads\/2014\/10\/Frederick-cleverly_hair_professional2-200x300.jpg\" width=\"200\" height=\"300\" \/><\/a><p class=\"wp-caption-text\">rederick Cleverly<br \/><\/p><\/div><\/p>\n<p>Friedrich arbeitet gerne mit Menschen. Jeder kann dort Haare von Friedrich gemacht haben, auch wenn Sie nur einen Trimm brauchen oder vielleicht m\u00f6chten Sie lange Haare oder Dreadlocks erkunden: er ist Ihr Mann. Er wird Ihre Haare und Make-up f\u00fcr eine Party, Schulbilder, den Karneval oder sogar Ihre Hochzeit zu tun. Friedrich macht auch gerne Coaching! Und wer braucht keinen Stylisten-Coach?<\/p>\n<blockquote><p><a href=\"http:\/\/frederickcleverly.com\/wp-content\/uploads\/2014\/10\/hair-themes.jpg\"><img loading=\"lazy\" decoding=\"async\" class=\"alignleft\" style=\"border: 10px solid black; margin: 10px;\" alt=\"Haar-Themen\" src=\"http:\/\/frederickcleverly.com\/wp-content\/uploads\/2014\/10\/hair-themes.jpg\" width=\"300\" height=\"449\" \/><\/a><\/p>\n<p>Magazin-Shootings und Messeprojekte sind f\u00fcr ihn Business as usual, aber er liebt auch die einfachen Dinge wie das Schneiden eines Fransen oder die Hilfe f\u00fcr einen Kunden, den richtigen Lippenstift zu w\u00e4hlen.<\/p><\/blockquote>\n<p><a href=\"http:\/\/frederickcleverly.com\/wp-content\/uploads\/2014\/10\/runway-hairstyle-and-makeup.jpg\"><img loading=\"lazy\" decoding=\"async\" class=\"alignright\" style=\"border: 10px solid black; margin: 10px;\" alt=\"Runway-Frisur-und-Make-up\" src=\"http:\/\/frederickcleverly.com\/wp-content\/uploads\/2014\/10\/runway-hairstyle-and-makeup-300x200.jpg\" width=\"300\" height=\"200\" \/><\/a><\/p>\n<p>Von der Punk-\u00c4ra 1980 bis zu den 1990er-Jahren Island In the Sun-Stilen und dar\u00fcber hinaus ist Frederick der bekannteste Friseur im S\u00fcden von Gran Canaira, fragen Sie einfach nach dem &#39;The Norwegian&#39; (obwohl er Kanadier und D\u00e4ne ist).<\/p>\n<p><strong><\/strong>Ei<strong><\/strong><strong>n echter Haarprofi wei\u00df, dass jeder einen Stil hat, \u00fcberall hat ein Blick.<\/strong><a href=\"http:\/\/frederickcleverly.com\/wp-content\/uploads\/2014\/10\/redken-quick-dry-18-model-2.jpg\"><img loading=\"lazy\" decoding=\"async\" class=\"alignright\" style=\"border: 10px solid black; margin: 10px;\" alt=\"redken-quick-dry-18-modell-2\" src=\"http:\/\/frederickcleverly.com\/wp-content\/uploads\/2014\/10\/redken-quick-dry-18-model-2-199x300.jpg\" width=\"199\" height=\"300\" \/><\/a><\/p>\n<p><a href=\"http:\/\/frederickcleverly.com\/wp-content\/uploads\/2014\/10\/1013971_553809034677584_1468383786_n.jpg\"><img loading=\"lazy\" decoding=\"async\" class=\"alignleft\" style=\"border: 10px solid black; margin: 10px;\" alt=\"1013971_553809034677584_1468383786_n\" src=\"http:\/\/frederickcleverly.com\/wp-content\/uploads\/2014\/10\/1013971_553809034677584_1468383786_n-199x300.jpg\" width=\"199\" height=\"300\" \/><\/a><a href=\"http:\/\/frederickcleverly.com\/wp-content\/uploads\/2014\/10\/tom-and-frededick-on-site-project.jpg\"><img loading=\"lazy\" decoding=\"async\" class=\"alignright\" style=\"border: 10px solid black; margin: 10px;\" alt=\"tom-and-frededick-vor Ort-Projekt\" src=\"http:\/\/frederickcleverly.com\/wp-content\/uploads\/2014\/10\/tom-and-frededick-on-site-project-300x200.jpg\" width=\"240\" height=\"160\" \/><\/a><em><\/em><\/p>\n<p>Sie helfen jedes Jahr freiwillig bei Moda Calida (einem internationalen Laufsteg, der kanarische Bademodendesigner der Bekleidungsindustrie zeigt) sowie beim Maspalomas Gay Pride Event (der 10 Tage langen j\u00e4hrlichen Party, die jetzt die gr\u00f6\u00dfte Party auf den Kanarischen Inseln ist). Sie machen das ganze Make-up und Haarstyling f\u00fcr alle, die auf die B\u00fchne gehen.<\/p>\n<p><a href=\"http:\/\/frederickcleverly.com\/wp-content\/uploads\/2014\/10\/REDKEN-nachourbon-MODA-CALIDA2014-Canarias-2.jpg\"><img loading=\"lazy\" decoding=\"async\" class=\"alignright\" style=\"border: 10px solid black; margin: 10px;\" alt=\"REDKEN-nachourbon-MODA-CALIDA2014-Canarias-2\" src=\"http:\/\/frederickcleverly.com\/wp-content\/uploads\/2014\/10\/REDKEN-nachourbon-MODA-CALIDA2014-Canarias-2-199x300.jpg\" width=\"300\" height=\"450\" \/><\/a><\/p>\n<p>Es <img loading=\"lazy\" decoding=\"async\" class=\"alignleft\" style=\"border: 10px solid black; margin: 10px;\" alt=\"106-DIA3-REDKEN-fotos -nachourbon-MODACALIDA2014-Canarias\" src=\"http:\/\/frederickcleverly.com\/wp-content\/uploads\/2014\/10\/106-DIA3-REDKEN-fotos-nachourbon-MODACALIDA2014-Canarias-199x300.jpg\" width=\"199\" height=\"300\" \/>gibt keine dummen Fragen, wenn es um Haarpflege und Make-up geht, bitte fragen, beide sind sehr gl\u00fccklich zu beantworten. Sie glauben, dass ein echter Haar- und Make-up-Profi sehr gl\u00fccklich sein sollte, mit Ihnen \u00fcber alles in Bezug auf Ihr Haar, Ihren Stil zu beraten, und wie man es verwaltet, ist alles.<\/p>\n<p><img loading=\"lazy\" decoding=\"async\" style=\"line-height: 1.5em;\" alt=\"085-DIA4-REDKEN-fotos -nachourbon-MODACALIDA2014-Canarias__models\" src=\"http:\/\/frederickcleverly.com\/wp-content\/uploads\/2014\/10\/085-DIA4-REDKEN-fotos-nachourbon-MODACALIDA2014-Canarias__models-300x199.jpg\" width=\"180\" height=\"119\" \/>\u00a0<a href=\"http:\/\/frederickcleverly.com\/wp-content\/uploads\/2014\/10\/REDKEN-quick-dry-18-at-runway.jpg\"><img loading=\"lazy\" decoding=\"async\" class=\"alignleft\" style=\"border: 10px solid black; margin: 10px;\" alt=\"Redken Quick trocken 18\" src=\"http:\/\/frederickcleverly.com\/wp-content\/uploads\/2014\/10\/REDKEN-quick-dry-18-at-runway-199x300.jpg\" width=\"159\" height=\"240\" \/><\/a><\/p>\n<p><span style=\"color: #0000ee;\">\u00a0<\/span><\/p>\n<p>\u00a0<\/p>\n<p><a href=\"http:\/\/frederickcleverly.com\/wp-content\/uploads\/2014\/10\/hair-on-site.jpg\"><img loading=\"lazy\" decoding=\"async\" alt=\"Hair-on-site\" src=\"http:\/\/frederickcleverly.com\/wp-content\/uploads\/2014\/10\/hair-on-site-225x300.jpg\" width=\"225\" height=\"300\" \/><\/a><a href=\"http:\/\/frederickcleverly.com\/wp-content\/uploads\/2014\/10\/runway-hairstyle-and-makeup-bathing-suit.jpg\"><img loading=\"lazy\" decoding=\"async\" alt=\"Runway-Frisur-und-Make-up-Badeanzug\" src=\"http:\/\/frederickcleverly.com\/wp-content\/uploads\/2014\/10\/runway-hairstyle-and-makeup-bathing-suit-200x300.jpg\" width=\"200\" height=\"300\" \/><\/a><span style=\"line-height: 1.5em;\">\u00a0<\/span><\/p>\n<blockquote><p><img loading=\"lazy\" decoding=\"async\" class=\" wp-image-315 alignleft\" style=\"border: 10px solid black; margin: 10px;\" alt=\"kommerziell-filming-hair-makeup\" src=\"http:\/\/frederickcleverly.com\/wp-content\/uploads\/2014\/10\/commercial-filming-hair-makeup.jpg\" width=\"360\" height=\"480\" srcset=\"https:\/\/frederickcleverly.com\/wp-content\/uploads\/2014\/10\/commercial-filming-hair-makeup.jpg 600w, https:\/\/frederickcleverly.com\/wp-content\/uploads\/2014\/10\/commercial-filming-hair-makeup-225x300.jpg 225w\" sizes=\"(max-width: 360px) 100vw, 360px\" \/><\/p>\n<p>Werfen Sie einen Blick durch die Bildergalerie und die anderen Seiten auf dieser Website, um mehr von dem zu sehen, was sie tun.<\/p>\n<p style=\"text-align: right;\">\n<\/blockquote>\n<p><a href=\"http:\/\/frederickcleverly.com\/wp-content\/uploads\/2014\/10\/066-DIA4-REDKEN-fotos-nachourbon-MODACALIDA2014-Canarias.jpg\"><img loading=\"lazy\" decoding=\"async\" class=\"alignright\" style=\"border: 10px solid black; margin: 10px;\" alt=\"066-DIA4-REDKEN-fotos -nachourbon-MODACALIDA2014-Canarias\" src=\"http:\/\/frederickcleverly.com\/wp-content\/uploads\/2014\/10\/066-DIA4-REDKEN-fotos-nachourbon-MODACALIDA2014-Canarias-199x300.jpg\" width=\"300\" height=\"450\" \/><\/a><a href=\"http:\/\/frederickcleverly.com\/wp-content\/uploads\/2014\/10\/REDKEN-MODACALIDA2014-CANARIAS-Fotos-nachourbon_pair.jpg\"><img loading=\"lazy\" decoding=\"async\" class=\"alignleft\" style=\"border: 10px solid black; margin: 10px;\" alt=\"REDKEN-MODACALIDA2014-CANARIAS-Fotos-nachourbon_pair\" src=\"http:\/\/frederickcleverly.com\/wp-content\/uploads\/2014\/10\/REDKEN-MODACALIDA2014-CANARIAS-Fotos-nachourbon_pair-199x300.jpg\" width=\"139\" height=\"210\" \/><\/a><a href=\"http:\/\/frederickcleverly.com\/wp-content\/uploads\/2014\/10\/models-in-swimsuits.jpg\"><img loading=\"lazy\" decoding=\"async\" class=\"alignleft\" style=\"border: 10px solid black; margin: 10px;\" alt=\"models-in-swimsuits\" src=\"http:\/\/frederickcleverly.com\/wp-content\/uploads\/2014\/10\/models-in-swimsuits-300x199.jpg\" width=\"300\" height=\"199\" \/><\/a><a href=\"http:\/\/frederickcleverly.com\/wp-content\/uploads\/2014\/10\/on-location-hair-y-makeup.jpg\"><img loading=\"lazy\" decoding=\"async\" class=\"alignleft\" style=\"border: 10px solid black; margin: 10px;\" alt=\"on-location-hair-y-makeup\" src=\"http:\/\/frederickcleverly.com\/wp-content\/uploads\/2014\/10\/on-location-hair-y-makeup-300x191.jpg\" width=\"450\" height=\"300\" \/><\/a><\/p>\n","protected":false},"excerpt":{"rendered":"<p>Ein Haarprofi \u00fcber Frederick Cleverly und den FRDK Sch\u00f6nheitssalon Friedrich arbeitet gerne mit Menschen. Jeder kann dort Haare von Friedrich gemacht haben, auch wenn Sie nur einen Trimm brauchen oder vielleicht m\u00f6chten Sie lange Haare oder Dreadlocks erkunden: er ist Ihr Mann. Er wird Ihre Haare und Make-up f\u00fcr eine Party, Schulbilder, den Karneval oder [&hellip;]<\/p>\n","protected":false},"author":2,"featured_media":1991,"parent":0,"menu_order":0,"comment_status":"open","ping_status":"open","template":"","meta":{"_et_pb_use_builder":"","_et_pb_old_content":"","_et_gb_content_width":"","footnotes":""},"class_list":["post-2200","page","type-page","status-publish","has-post-thumbnail","hentry","wp-image-borders"],"_links":{"self":[{"href":"https:\/\/frederickcleverly.com\/playa-del-ingles-gran-canaria\/wp-json\/wp\/v2\/pages\/2200"}],"collection":[{"href":"https:\/\/frederickcleverly.com\/playa-del-ingles-gran-canaria\/wp-json\/wp\/v2\/pages"}],"about":[{"href":"https:\/\/frederickcleverly.com\/playa-del-ingles-gran-canaria\/wp-json\/wp\/v2\/types\/page"}],"author":[{"embeddable":true,"href":"https:\/\/frederickcleverly.com\/playa-del-ingles-gran-canaria\/wp-json\/wp\/v2\/users\/2"}],"replies":[{"embeddable":true,"href":"https:\/\/frederickcleverly.com\/playa-del-ingles-gran-canaria\/wp-json\/wp\/v2\/comments?post=2200"}],"version-history":[{"count":5,"href":"https:\/\/frederickcleverly.com\/playa-del-ingles-gran-canaria\/wp-json\/wp\/v2\/pages\/2200\/revisions"}],"predecessor-version":[{"id":2382,"href":"https:\/\/frederickcleverly.com\/playa-del-ingles-gran-canaria\/wp-json\/wp\/v2\/pages\/2200\/revisions\/2382"}],"wp:featuredmedia":[{"embeddable":true,"href":"https:\/\/frederickcleverly.com\/playa-del-ingles-gran-canaria\/wp-json\/wp\/v2\/media\/1991"}],"wp:attachment":[{"href":"https:\/\/frederickcleverly.com\/playa-del-ingles-gran-canaria\/wp-json\/wp\/v2\/media?parent=2200"}],"curies":[{"name":"wp","href":"https:\/\/api.w.org\/{rel}","templated":true}]}}