{"id":2748,"date":"2024-10-21T22:16:14","date_gmt":"2024-10-21T21:16:14","guid":{"rendered":"https:\/\/frederickcleverly.com\/playa-del-ingles-gran-canaria\/?page_id=2748"},"modified":"2024-10-21T22:19:30","modified_gmt":"2024-10-21T21:19:30","slug":"haarprodukte","status":"publish","type":"page","link":"https:\/\/frederickcleverly.com\/playa-del-ingles-gran-canaria\/de\/haarprodukte\/","title":{"rendered":"HAARPRODUKTE"},"content":{"rendered":"<p>Bei Frederick Cleverly glauben wir, dass Ihr Haar eine Geschichte erz\u00e4hlt \u2013 eine von Eleganz, Selbstbewusstsein und Individualit\u00e4t. Unsere kuratierte Auswahl an Premium-Haarprodukten ist darauf ausgerichtet, Ihnen zu erm\u00f6glichen, Ihren einzigartigen Stil jeden Tag zum Ausdruck zu bringen.<\/p>\n<p>&nbsp;<\/p>\n<h2><a href=\"https:\/\/frederickcleverly.com\/wp-content\/uploads\/2024\/06\/balmain-hair-producten-2-516211279.jpeg\"><img loading=\"lazy\" decoding=\"async\" class=\"alignleft size-medium wp-image-2446\" src=\"https:\/\/frederickcleverly.com\/wp-content\/uploads\/2024\/06\/balmain-hair-producten-2-516211279-300x225.jpeg\" alt=\"\" width=\"300\" height=\"225\" \/><\/a><\/h2>\n<h2>BalMain<\/h2>\n<p>Erleben Sie das Nonplusultra an Luxus mit BalMain. Diese herausragende Kollektion vereint zeitlose Raffinesse mit innovativen Formeln und hebt Ihr Haar auf neue Glamour-H\u00f6hen. Verwandeln Sie Ihren Look mit der exquisiten Produktreihe von BalMain, exklusiv erh\u00e4ltlich in unserem Salon.<\/p>\n<h2><\/h2>\n<h2><\/h2>\n<h2>K18<\/h2>\n<p>Revitalisieren Sie Ihr Haar von innen heraus mit K18. Diese bahnbrechende Behandlung repariert Sch\u00e4den auf molekularer Ebene und stellt St\u00e4rke und Elastizit\u00e4t wieder her. Entdecken Sie die Sch\u00f6nheit gesunden Haares neu mit der transformativen Wissenschaft von K18.<\/p>\n<h2>Dome<\/h2>\n<p>Entfalten Sie das Potenzial Ihres Haares mit den vielseitigen L\u00f6sungen von Dome. Auf Anpassungsf\u00e4higkeit zugeschnitten, erf\u00fcllen diese Produkte Ihre individuellen Bed\u00fcrfnisse und sorgen daf\u00fcr, dass Ihr Stil m\u00fchelos schick bleibt. Genie\u00dfen Sie die Freiheit personalisierter Pflege mit Dome.<\/p>\n<p><a href=\"https:\/\/frederickcleverly.com\/wp-content\/uploads\/2014\/10\/Redken-Color-Extend-Magnetics-4.png\"><img loading=\"lazy\" decoding=\"async\" class=\"size-medium wp-image-1007 alignright\" src=\"https:\/\/frederickcleverly.com\/wp-content\/uploads\/2014\/10\/Redken-Color-Extend-Magnetics-4-256x300.png\" alt=\"Redken Color Extend Magnetics\" width=\"256\" height=\"300\" srcset=\"https:\/\/frederickcleverly.com\/wp-content\/uploads\/2014\/10\/Redken-Color-Extend-Magnetics-4-256x300.png 256w, https:\/\/frederickcleverly.com\/wp-content\/uploads\/2014\/10\/Redken-Color-Extend-Magnetics-4-874x1024.png 874w, https:\/\/frederickcleverly.com\/wp-content\/uploads\/2014\/10\/Redken-Color-Extend-Magnetics-4.png 892w\" sizes=\"(max-width: 256px) 100vw, 256px\" \/><\/a><\/p>\n<h2><\/h2>\n<h2>RedKen<\/h2>\n<p>G\u00f6nnen Sie sich professionelle Exzellenz mit RedKen. Bekannt f\u00fcr bahnbrechende Innovationen liefert RedKen Ergebnisse in Salonqualit\u00e4t, die n\u00e4hren und verj\u00fcngen. Erheben Sie Ihre t\u00e4gliche Routine mit Produkten, die f\u00fcr Perfektion geschaffen wurden.<\/p>\n<p>&nbsp;<\/p>\n<h2>Hairdreams<\/h2>\n<p>F\u00fcgen Sie nahtlos Volumen und L\u00e4nge mit Hairdreams hinzu. Bekannt f\u00fcr au\u00dfergew\u00f6hnliche Qualit\u00e4t bietet Hairdreams Extensions und Behandlungen, die sich nat\u00fcrlich mit Ihrem Haar verbinden. Erreichen Sie Ihren Traumlook mit ihren Premium-Auswahlen.<\/p>\n<p>&nbsp;<\/p>\n<h3 style=\"text-align: center;\">Erheben Sie Ihren Stil \u2013 erwerben Sie diese exklusiven Produkte noch heute im Frederick Cleverly Salon.<\/h3>\n","protected":false},"excerpt":{"rendered":"<p>Bei Frederick Cleverly glauben wir, dass Ihr Haar eine Geschichte erz\u00e4hlt \u2013 eine von Eleganz, Selbstbewusstsein und Individualit\u00e4t. Unsere kuratierte Auswahl an Premium-Haarprodukten ist darauf ausgerichtet, Ihnen zu erm\u00f6glichen, Ihren einzigartigen Stil jeden Tag zum Ausdruck zu bringen. &nbsp; BalMain Erleben Sie das Nonplusultra an Luxus mit BalMain. Diese herausragende Kollektion vereint zeitlose Raffinesse mit [&hellip;]<\/p>\n","protected":false},"author":3,"featured_media":0,"parent":0,"menu_order":0,"comment_status":"closed","ping_status":"closed","template":"","meta":{"_et_pb_use_builder":"","_et_pb_old_content":"","_et_gb_content_width":"","footnotes":""},"class_list":["post-2748","page","type-page","status-publish","hentry","wp-image-borders"],"_links":{"self":[{"href":"https:\/\/frederickcleverly.com\/playa-del-ingles-gran-canaria\/wp-json\/wp\/v2\/pages\/2748"}],"collection":[{"href":"https:\/\/frederickcleverly.com\/playa-del-ingles-gran-canaria\/wp-json\/wp\/v2\/pages"}],"about":[{"href":"https:\/\/frederickcleverly.com\/playa-del-ingles-gran-canaria\/wp-json\/wp\/v2\/types\/page"}],"author":[{"embeddable":true,"href":"https:\/\/frederickcleverly.com\/playa-del-ingles-gran-canaria\/wp-json\/wp\/v2\/users\/3"}],"replies":[{"embeddable":true,"href":"https:\/\/frederickcleverly.com\/playa-del-ingles-gran-canaria\/wp-json\/wp\/v2\/comments?post=2748"}],"version-history":[{"count":4,"href":"https:\/\/frederickcleverly.com\/playa-del-ingles-gran-canaria\/wp-json\/wp\/v2\/pages\/2748\/revisions"}],"predecessor-version":[{"id":2752,"href":"https:\/\/frederickcleverly.com\/playa-del-ingles-gran-canaria\/wp-json\/wp\/v2\/pages\/2748\/revisions\/2752"}],"wp:attachment":[{"href":"https:\/\/frederickcleverly.com\/playa-del-ingles-gran-canaria\/wp-json\/wp\/v2\/media?parent=2748"}],"curies":[{"name":"wp","href":"https:\/\/api.w.org\/{rel}","templated":true}]}}